{"id":1264,"date":"2024-02-21T10:11:57","date_gmt":"2024-02-21T07:11:57","guid":{"rendered":"https:\/\/skatpower.com\/?page_id=1264"},"modified":"2024-03-20T12:41:42","modified_gmt":"2024-03-20T09:41:42","slug":"ricardo-25-400-kva","status":"publish","type":"page","link":"https:\/\/skatpower.com\/?page_id=1264","title":{"rendered":"RICARDO | 25 &#8211; 400 kVA"},"content":{"rendered":"<div class=\"wpb-content-wrapper\"><p>[vc_row el_id=&#8221;1709553033109-89c8fc14-c0c9&#8243;][vc_column][vc_gallery type=&#8221;image_grid&#8221; images=&#8221;1672,1670,1669,1668,1667,1666,1665&#8243; onclick=&#8221;custom_link&#8221; css_animation=&#8221;slideInLeft&#8221; custom_links=&#8221;#E-8_aHR0cHMlM0ElMkYlMkZza2F0cG93ZXIuY29tJTJGJTNGcGFnZV9pZCUzRDEyNjQlMkYlMkNodHRwcyUzQSUyRiUyRnNrYXRwb3dlci5jb20lMkYlM0ZwYWdlX2lkJTNEMTcyNiUyRiUyQ2h0dHBzJTNBJTJGJTJGc2thdHBvd2VyLmNvbSUyRiUzRnBhZ2VfaWQlM0QxNzQ0JTJGJTJDaHR0cHMlM0ElMkYlMkZza2F0cG93ZXIuY29tJTJGJTNGcGFnZV9pZCUzRDE3NTElMkYlMkNodHRwcyUzQSUyRiUyRnNrYXRwb3dlci5jb20lMkYlM0ZwYWdlX2lkJTNEMTc0NiUyRiUyQ2h0dHBzJTNBJTJGJTJGc2thdHBvd2VyLmNvbSUyRiUzRnBhZ2VfaWQlM0QxNzcyJTJGJTJDaHR0cHMlM0ElMkYlMkZza2F0cG93ZXIuY29tJTJGJTNGcGFnZV9pZCUzRDE3MzklMkY=&#8221;][vc_separator][\/vc_column][\/vc_row][vc_row el_id=&#8221;1709629799785-ab651e72-8e0f&#8221;][vc_column][vc_tta_accordion][vc_tta_section title=&#8221;RICARDO&#8221; tab_id=&#8221;1709629828308-265a3ce9-aaa5&#8243;][vc_column_text]<br \/>\n<!-- Required meta tags --><\/p>\n<p><!-- Bootstrap CSS --><\/p>\n<p>&nbsp;<\/p>\n<div class=\"container\">\n<div class=\"row\">\n<div class=\"col\">\n<table id=\"example\" class=\"table table-striped nowrap\" style=\"width: 100%;\">\n<thead>\n<tr>\n<th>Model<\/th>\n<th style=\"text-align: center;\">Engine<\/th>\n<th style=\"text-align: center;\">kVa<\/th>\n<th style=\"text-align: center;\">kW<\/th>\n<th style=\"text-align: center;\">Frequency (Hz)<\/th>\n<th style=\"text-align: center;\">Phase<\/th>\n<th style=\"text-align: center;\"><b>PDF Catalogue<\/b><\/th>\n<\/tr>\n<\/thead>\n<tbody>\n<tr>\n<td style=\"text-align: left;\">SKT R 25<\/td>\n<td style=\"text-align: center;\">RICARDO<\/td>\n<td style=\"text-align: center;\">25<\/td>\n<td style=\"text-align: center;\">20<\/td>\n<td style=\"text-align: center;\">50<\/td>\n<td style=\"text-align: center;\">3<\/td>\n<td style=\"text-align: center;\"><a href=\"\/wp-content\/uploads\/PDF\/Ricardo\/SKTR25%28ZH490%29.pdf\">Download<\/a><\/td>\n<\/tr>\n<tr>\n<td style=\"text-align: left;\">SKT R 35<\/td>\n<td style=\"text-align: center;\">RICARDO<\/td>\n<td style=\"text-align: center;\">35<\/td>\n<td style=\"text-align: center;\">28<\/td>\n<td style=\"text-align: center;\">50<\/td>\n<td style=\"text-align: center;\">3<\/td>\n<td style=\"text-align: center;\"><a href=\"\/wp-content\/uploads\/PDF\/Ricardo\/SKTR35%28K4100D%29.pdf\">Download<\/a><\/td>\n<\/tr>\n<tr>\n<td style=\"text-align: left;\">SKT R 50<\/td>\n<td style=\"text-align: center;\">RICARDO<\/td>\n<td style=\"text-align: center;\">50<\/td>\n<td style=\"text-align: center;\">40<\/td>\n<td style=\"text-align: center;\">50<\/td>\n<td style=\"text-align: center;\">3<\/td>\n<td style=\"text-align: center;\"><a href=\"\/wp-content\/uploads\/PDF\/Ricardo\/SKTR50%28K4102ZD%29.pdf\">Download<\/a><\/td>\n<\/tr>\n<tr>\n<td style=\"text-align: left;\">SKT R 55<\/td>\n<td style=\"text-align: center;\">RICARDO<\/td>\n<td style=\"text-align: center;\">55<\/td>\n<td style=\"text-align: center;\">44<\/td>\n<td style=\"text-align: center;\">50<\/td>\n<td style=\"text-align: center;\">3<\/td>\n<td style=\"text-align: center;\"><a href=\"\/wp-content\/uploads\/PDF\/Ricardo\/SKTR55%28K4102ZD%29.pdf\">Download<\/a><\/td>\n<\/tr>\n<tr>\n<td style=\"text-align: left;\">SKT R 70<\/td>\n<td style=\"text-align: center;\">RICARDO<\/td>\n<td style=\"text-align: center;\">70<\/td>\n<td style=\"text-align: center;\">56<\/td>\n<td style=\"text-align: center;\">50<\/td>\n<td style=\"text-align: center;\">3<\/td>\n<td style=\"text-align: center;\"><a href=\"\/wp-content\/uploads\/PDF\/Ricardo\/SKTR70%28ZH4105ZD%29.pdf\">Download<\/a><\/td>\n<\/tr>\n<tr>\n<td style=\"text-align: left;\">SKT R 77<\/td>\n<td style=\"text-align: center;\">RICARDO<\/td>\n<td style=\"text-align: center;\">77<\/td>\n<td style=\"text-align: center;\">62<\/td>\n<td style=\"text-align: center;\">50<\/td>\n<td style=\"text-align: center;\">3<\/td>\n<td style=\"text-align: center;\"><a href=\"\/wp-content\/uploads\/PDF\/Ricardo\/SKTR77%28R4105ZD%29.pdf\">Download<\/a><\/td>\n<\/tr>\n<tr>\n<td style=\"text-align: left;\">SKT R 90<\/td>\n<td style=\"text-align: center;\">RICARDO<\/td>\n<td style=\"text-align: center;\">90<\/td>\n<td style=\"text-align: center;\">72<\/td>\n<td style=\"text-align: center;\">50<\/td>\n<td style=\"text-align: center;\">3<\/td>\n<td style=\"text-align: center;\"><a href=\"\/wp-content\/uploads\/PDF\/Ricardo\/SKTR90%28R4105IZD%29.pdf\">Download<\/a><\/td>\n<\/tr>\n<tr>\n<td style=\"text-align: left;\">SKT R 100<\/td>\n<td style=\"text-align: center;\">RICARDO<\/td>\n<td style=\"text-align: center;\">100<\/td>\n<td style=\"text-align: center;\">80<\/td>\n<td style=\"text-align: center;\">50<\/td>\n<td style=\"text-align: center;\">3<\/td>\n<td style=\"text-align: center;\"><a href=\"\/wp-content\/uploads\/PDF\/Ricardo\/SKTR100%28R4105IZLD%29.pdf\">Download<\/a><\/td>\n<\/tr>\n<tr>\n<td style=\"text-align: left;\">SKT R 110<\/td>\n<td style=\"text-align: center;\">RICARDO<\/td>\n<td style=\"text-align: center;\">110<\/td>\n<td style=\"text-align: center;\">88<\/td>\n<td style=\"text-align: center;\">50<\/td>\n<td style=\"text-align: center;\">3<\/td>\n<td style=\"text-align: center;\"><a href=\"\/wp-content\/uploads\/PDF\/Ricardo\/SKTR110%28R6105ZLD%29.pdf\">Download<\/a><\/td>\n<\/tr>\n<tr>\n<td style=\"text-align: left;\">SKT R 125<\/td>\n<td style=\"text-align: center;\">RICARDO<\/td>\n<td style=\"text-align: center;\">125<\/td>\n<td style=\"text-align: center;\">100<\/td>\n<td style=\"text-align: center;\">50<\/td>\n<td style=\"text-align: center;\">3<\/td>\n<td style=\"text-align: center;\"><a href=\"\/wp-content\/uploads\/PDF\/Ricardo\/SKTR125%28R6105ZLD%29.pdf\">Download<\/a><\/td>\n<\/tr>\n<tr>\n<td style=\"text-align: left;\">SKT R 150<\/td>\n<td style=\"text-align: center;\">RICARDO<\/td>\n<td style=\"text-align: center;\">150<\/td>\n<td style=\"text-align: center;\">120<\/td>\n<td style=\"text-align: center;\">50<\/td>\n<td style=\"text-align: center;\">3<\/td>\n<td style=\"text-align: center;\"><a href=\"\/wp-content\/uploads\/PDF\/Ricardo\/SKTR150%28R6105AZLD%29.pdf\">Download<\/a><\/td>\n<\/tr>\n<tr>\n<td style=\"text-align: left;\">SKT R 175<\/td>\n<td style=\"text-align: center;\">RICARDO<\/td>\n<td style=\"text-align: center;\">175<\/td>\n<td style=\"text-align: center;\">140<\/td>\n<td style=\"text-align: center;\">50<\/td>\n<td style=\"text-align: center;\">3<\/td>\n<td style=\"text-align: center;\"><a href=\"\/wp-content\/uploads\/PDF\/Ricardo\/SKTR175%28R6105IZLD%29.pdf\">Download<\/a><\/td>\n<\/tr>\n<tr>\n<td style=\"text-align: left;\">SKT R 200<\/td>\n<td style=\"text-align: center;\">RICARDO<\/td>\n<td style=\"text-align: center;\">200<\/td>\n<td style=\"text-align: center;\">160<\/td>\n<td style=\"text-align: center;\">50<\/td>\n<td style=\"text-align: center;\">3<\/td>\n<td style=\"text-align: center;\"><a href=\"\/wp-content\/uploads\/PDF\/Ricardo\/SKTR200%28R6110IZLD%29.pdf\">Download<\/a><\/td>\n<\/tr>\n<tr>\n<td style=\"text-align: left;\">SKT R 250<\/td>\n<td style=\"text-align: center;\">RICARDO<\/td>\n<td style=\"text-align: center;\">250<\/td>\n<td style=\"text-align: center;\">200<\/td>\n<td style=\"text-align: center;\">50<\/td>\n<td style=\"text-align: center;\">3<\/td>\n<td style=\"text-align: center;\"><a href=\"\/wp-content\/uploads\/PDF\/Ricardo\/SKTR250%286126-42D%29.pdf\">Download<\/a><\/td>\n<\/tr>\n<tr>\n<td style=\"text-align: left;\">SKT R 275<\/td>\n<td style=\"text-align: center;\">RICARDO<\/td>\n<td style=\"text-align: center;\">275<\/td>\n<td style=\"text-align: center;\">220<\/td>\n<td style=\"text-align: center;\">50<\/td>\n<td style=\"text-align: center;\">3<\/td>\n<td style=\"text-align: center;\"><a href=\"\/wp-content\/uploads\/PDF\/Ricardo\/SKTR275%286126A-260D%29.pdf\">Download<\/a><\/td>\n<\/tr>\n<tr>\n<td style=\"text-align: left;\">SKT R 300<\/td>\n<td style=\"text-align: center;\">RICARDO<\/td>\n<td style=\"text-align: center;\">300<\/td>\n<td style=\"text-align: center;\">240<\/td>\n<td style=\"text-align: center;\">50<\/td>\n<td style=\"text-align: center;\">3<\/td>\n<td style=\"text-align: center;\"><a href=\"\/wp-content\/uploads\/PDF\/Ricardo\/SKTR300%286126A-260D%29.pdf\">Download<\/a><\/td>\n<\/tr>\n<tr>\n<td style=\"text-align: left;\">SKT R 350<\/td>\n<td style=\"text-align: center;\">RICARDO<\/td>\n<td style=\"text-align: center;\">350<\/td>\n<td style=\"text-align: center;\">280<\/td>\n<td style=\"text-align: center;\">50<\/td>\n<td style=\"text-align: center;\">3<\/td>\n<td style=\"text-align: center;\"><a href=\"\/wp-content\/uploads\/PDF\/Ricardo\/SKTR350%28WT12D-308%29.pdf\">Download<\/a><\/td>\n<\/tr>\n<tr>\n<td style=\"text-align: left;\">SKT R 375<\/td>\n<td style=\"text-align: center;\">RICARDO<\/td>\n<td style=\"text-align: center;\">375<\/td>\n<td style=\"text-align: center;\">300<\/td>\n<td style=\"text-align: center;\">50<\/td>\n<td style=\"text-align: center;\">3<\/td>\n<td style=\"text-align: center;\"><a href=\"\/wp-content\/uploads\/PDF\/Ricardo\/SKTR375%28WT12D-308%29.pdf\">Download<\/a><\/td>\n<\/tr>\n<tr>\n<td style=\"text-align: left;\">SKT R 400<\/td>\n<td style=\"text-align: center;\">RICARDO<\/td>\n<td style=\"text-align: center;\">400<\/td>\n<td style=\"text-align: center;\">320<\/td>\n<td style=\"text-align: center;\">50<\/td>\n<td style=\"text-align: center;\">3<\/td>\n<td style=\"text-align: center;\"><a href=\"\/wp-content\/uploads\/PDF\/Ricardo\/SKTR400%28WT12D-308-2%29.pdf\">Download<\/a><\/td>\n<\/tr>\n<\/tbody>\n<\/table>\n<\/div>\n<\/div>\n<\/div>\n<p><!-- Bootstrap JS ve di\u011fer ba\u011f\u0131ml\u0131l\u0131klar --><br \/>\n<script src=\"https:\/\/code.jquery.com\/jquery-3.6.0.min.js\" integrity=\"sha384-KyZXEAg3QhqLMpG8r+Knujsl5+z8w\/Zrhj5H\/wfg3O8Vv5cR5KQrg8hjvlXoGUh3\" crossorigin=\"anonymous\"><\/script><br \/>\n<script src=\"https:\/\/cdn.jsdelivr.net\/npm\/@popperjs\/core@2.11.6\/dist\/umd\/popper.min.js\" integrity=\"sha384-dHtCz6AT0tFM6w7PmPvkug3tWt9fHfOEaIH7+9V0aR5c3JoP\/z5b8rG6LAeNhT7L\" crossorigin=\"anonymous\"><\/script><br \/>\n<script src=\"https:\/\/stackpath.bootstrapcdn.com\/bootstrap\/5.1.3\/js\/bootstrap.min.js\" integrity=\"sha384-KyZXEAg3QhqLMpG8r+Knujsl5+z8w\/Zrhj5H\/wfg3O8Vv5cR5KQrg8hjvlXoGUh3\" crossorigin=\"anonymous\"><\/script>[\/vc_column_text][\/vc_column][\/vc_row]<\/p>\n<\/div>","protected":false},"excerpt":{"rendered":"<p>[vc_row el_id=&#8221;1709553033109-89c8fc14-c0c9&#8243;][vc_column][vc_gallery type=&#8221;image_grid&#8221; images=&#8221;1672,1670,1669,1668,1667,1666,1665&#8243; onclick=&#8221;custom_link&#8221; css_animation=&#8221;slideInLeft&#8221; custom_links=&#8221;#E-8_aHR0cHMlM0ElMkYlMkZza2F0cG93ZXIuY29tJTJGJTNGcGFnZV9pZCUzRDEyNjQlMkYlMkNodHRwcyUzQSUyRiUyRnNrYXRwb3dlci5jb20lMkYlM0ZwYWdlX2lkJTNEMTcyNiUyRiUyQ2h0dHBzJTNBJTJGJTJGc2thdHBvd2VyLmNvbSUyRiUzRnBhZ2VfaWQlM0QxNzQ0JTJGJTJDaHR0cHMlM0ElMkYlMkZza2F0cG93ZXIuY29tJTJGJTNGcGFnZV9pZCUzRDE3NTElMkYlMkNodHRwcyUzQSUyRiUyRnNrYXRwb3dlci5jb20lMkYlM0ZwYWdlX2lkJTNEMTc0NiUyRiUyQ2h0dHBzJTNBJTJGJTJGc2thdHBvd2VyLmNvbSUyRiUzRnBhZ2VfaWQlM0QxNzcyJTJGJTJDaHR0cHMlM0ElMkYlMkZza2F0cG93ZXIuY29tJTJGJTNGcGFnZV9pZCUzRDE3MzklMkY=&#8221;][vc_separator][\/vc_column][\/vc_row][vc_row el_id=&#8221;1709629799785-ab651e72-8e0f&#8221;][vc_column][vc_tta_accordion][vc_tta_section title=&#8221;RICARDO&#8221; tab_id=&#8221;1709629828308-265a3ce9-aaa5&#8243;][vc_column_text] &nbsp; Model Engine kVa kW Frequency (Hz) Phase PDF Catalogue SKT R 25 RICARDO 25 20 50 3 Download SKT R 35 RICARDO 35 28 50 3 Download SKT R 50 RICARDO 50 40 50 3 Download SKT R 55 RICARDO 55 44 50 3 [&hellip;]<\/p>\n","protected":false},"author":1,"featured_media":0,"parent":0,"menu_order":0,"comment_status":"closed","ping_status":"closed","template":"templates\/full-width.php","meta":{"footnotes":""},"acf":[],"_links":{"self":[{"href":"https:\/\/skatpower.com\/index.php?rest_route=\/wp\/v2\/pages\/1264"}],"collection":[{"href":"https:\/\/skatpower.com\/index.php?rest_route=\/wp\/v2\/pages"}],"about":[{"href":"https:\/\/skatpower.com\/index.php?rest_route=\/wp\/v2\/types\/page"}],"author":[{"embeddable":true,"href":"https:\/\/skatpower.com\/index.php?rest_route=\/wp\/v2\/users\/1"}],"replies":[{"embeddable":true,"href":"https:\/\/skatpower.com\/index.php?rest_route=%2Fwp%2Fv2%2Fcomments&post=1264"}],"version-history":[{"count":44,"href":"https:\/\/skatpower.com\/index.php?rest_route=\/wp\/v2\/pages\/1264\/revisions"}],"predecessor-version":[{"id":1794,"href":"https:\/\/skatpower.com\/index.php?rest_route=\/wp\/v2\/pages\/1264\/revisions\/1794"}],"wp:attachment":[{"href":"https:\/\/skatpower.com\/index.php?rest_route=%2Fwp%2Fv2%2Fmedia&parent=1264"}],"curies":[{"name":"wp","href":"https:\/\/api.w.org\/{rel}","templated":true}]}}