{"id":1726,"date":"2024-03-15T16:39:22","date_gmt":"2024-03-15T13:39:22","guid":{"rendered":"https:\/\/skatpower.com\/?page_id=1726"},"modified":"2024-05-13T11:07:26","modified_gmt":"2024-05-13T08:07:26","slug":"baudouin-20-2750-kva","status":"publish","type":"page","link":"https:\/\/skatpower.com\/?page_id=1726","title":{"rendered":"BAUDOUIN | 20 &#8211; 2750 kVA"},"content":{"rendered":"<div class=\"wpb-content-wrapper\"><p>[vc_row el_id=&#8221;1709553033109-89c8fc14-c0c9&#8243;][vc_column][vc_gallery type=&#8221;image_grid&#8221; images=&#8221;1672,1670,1669,1668,1667,1666,1665&#8243; onclick=&#8221;custom_link&#8221; css_animation=&#8221;slideInLeft&#8221; custom_links=&#8221;#E-8_aHR0cHMlM0ElMkYlMkZza2F0cG93ZXIuY29tJTJGJTNGcGFnZV9pZCUzRDEyNjQlMkYlMkNodHRwcyUzQSUyRiUyRnNrYXRwb3dlci5jb20lMkYlM0ZwYWdlX2lkJTNEMTcyNiUyRiUyQ2h0dHBzJTNBJTJGJTJGc2thdHBvd2VyLmNvbSUyRiUzRnBhZ2VfaWQlM0QxNzQ0JTJGJTJDaHR0cHMlM0ElMkYlMkZza2F0cG93ZXIuY29tJTJGJTNGcGFnZV9pZCUzRDE3NTElMkYlMkNodHRwcyUzQSUyRiUyRnNrYXRwb3dlci5jb20lMkYlM0ZwYWdlX2lkJTNEMTc0NiUyRiUyQ2h0dHBzJTNBJTJGJTJGc2thdHBvd2VyLmNvbSUyRiUzRnBhZ2VfaWQlM0QxNzcyJTJGJTJDaHR0cHMlM0ElMkYlMkZza2F0cG93ZXIuY29tJTJGJTNGcGFnZV9pZCUzRDE3MzklMkY=&#8221;][vc_separator][\/vc_column][\/vc_row][vc_row el_id=&#8221;1709629799785-ab651e72-8e0f&#8221;][vc_column][vc_tta_accordion][vc_tta_section title=&#8221;BAUDOUIN&#8221; tab_id=&#8221;1709629828308-265a3ce9-aaa5&#8243;][vc_column_text]<\/p>\n<p><!-- Required meta tags --><\/p>\n<p><!-- Bootstrap CSS --><\/p>\n<p>&nbsp;<\/p>\n<div class=\"container\">\n<div class=\"row\">\n<div class=\"col\">\n<table id=\"example\" class=\"table table-striped nowrap\" style=\"width: 100%;\">\n<thead>\n<tr>\n<th>Model<\/th>\n<th style=\"text-align: center;\">Engine<\/th>\n<th style=\"text-align: center;\">kVa<\/th>\n<th style=\"text-align: center;\">kW<\/th>\n<th style=\"text-align: center;\">Frequency (Hz)<\/th>\n<th style=\"text-align: center;\">Phase<\/th>\n<th style=\"text-align: center;\"><b>PDF Catalogue<\/b><\/th>\n<\/tr>\n<\/thead>\n<tbody>\n<tr>\n<td style=\"text-align: left;\">SKT B 20<\/td>\n<td style=\"text-align: center;\">BAUDOUIN<\/td>\n<td style=\"text-align: center;\">20<\/td>\n<td style=\"text-align: center;\">16<\/td>\n<td style=\"text-align: center;\">50<\/td>\n<td style=\"text-align: center;\">3<\/td>\n<td style=\"text-align: center;\"><a href=\"\/wp-content\/uploads\/PDF\/Baudouin\/SKTB20%284M06G20-5%29.pdf\">Download<\/a><\/td>\n<\/tr>\n<tr>\n<td style=\"text-align: left;\">SKT B 25<\/td>\n<td style=\"text-align: center;\">BAUDOUIN<\/td>\n<td style=\"text-align: center;\">25<\/td>\n<td style=\"text-align: center;\">20<\/td>\n<td style=\"text-align: center;\">50<\/td>\n<td style=\"text-align: center;\">3<\/td>\n<td style=\"text-align: center;\"><a href=\"\/wp-content\/uploads\/PDF\/Baudouin\/SKTB25%284M06G25-5%29.pdf\">Download<\/a><\/td>\n<\/tr>\n<tr>\n<td style=\"text-align: left;\">SKT B 35<\/td>\n<td style=\"text-align: center;\">BAUDOUIN<\/td>\n<td style=\"text-align: center;\">35<\/td>\n<td style=\"text-align: center;\">28<\/td>\n<td style=\"text-align: center;\">50<\/td>\n<td style=\"text-align: center;\">3<\/td>\n<td style=\"text-align: center;\"><a href=\"\/wp-content\/uploads\/PDF\/Baudouin\/SKTB35%284M06G33-5%29.pdf\">Download<\/a><\/td>\n<\/tr>\n<tr>\n<td style=\"text-align: left;\">SKT B 44<\/td>\n<td style=\"text-align: center;\">BAUDOUIN<\/td>\n<td style=\"text-align: center;\">44<\/td>\n<td style=\"text-align: center;\">35<\/td>\n<td style=\"text-align: center;\">50<\/td>\n<td style=\"text-align: center;\">3<\/td>\n<td style=\"text-align: center;\"><a href=\"\/wp-content\/uploads\/PDF\/Baudouin\/SKTB44%284M06G44-5%29.pdf\">Download<\/a><\/td>\n<\/tr>\n<tr>\n<td style=\"text-align: left;\">SKT B 50<\/td>\n<td style=\"text-align: center;\">BAUDOUIN<\/td>\n<td style=\"text-align: center;\">50<\/td>\n<td style=\"text-align: center;\">40<\/td>\n<td style=\"text-align: center;\">50<\/td>\n<td style=\"text-align: center;\">3<\/td>\n<td style=\"text-align: center;\"><a href=\"\/wp-content\/uploads\/PDF\/Baudouin\/SKTB50%284M06G50-5%29.pdf\">Download<\/a><\/td>\n<\/tr>\n<tr>\n<td style=\"text-align: left;\">SKT B 55<\/td>\n<td style=\"text-align: center;\">BAUDOUIN<\/td>\n<td style=\"text-align: center;\">55<\/td>\n<td style=\"text-align: center;\">44<\/td>\n<td style=\"text-align: center;\">50<\/td>\n<td style=\"text-align: center;\">3<\/td>\n<td style=\"text-align: center;\"><a href=\"\/wp-content\/uploads\/PDF\/Baudouin\/SKTB55%284M06G55-5%29.pdf\">Download<\/a><\/td>\n<\/tr>\n<tr>\n<td style=\"text-align: left;\">SKT B 70<\/td>\n<td style=\"text-align: center;\">BAUDOUIN<\/td>\n<td style=\"text-align: center;\">70<\/td>\n<td style=\"text-align: center;\">56<\/td>\n<td style=\"text-align: center;\">50<\/td>\n<td style=\"text-align: center;\">3<\/td>\n<td style=\"text-align: center;\"><a href=\"\/wp-content\/uploads\/PDF\/Baudouin\/SKTB70%284M10G70-5%29.pdf\">Download<\/a><\/td>\n<\/tr>\n<tr>\n<td style=\"text-align: left;\">SKT B 75<\/td>\n<td style=\"text-align: center;\">BAUDOUIN<\/td>\n<td style=\"text-align: center;\">75<\/td>\n<td style=\"text-align: center;\">60<\/td>\n<td style=\"text-align: center;\">50<\/td>\n<td style=\"text-align: center;\">3<\/td>\n<td style=\"text-align: center;\"><a href=\"\/wp-content\/uploads\/PDF\/Baudouin\/SKTB75%284M11G70-5%29.pdf\">Download<\/a><\/td>\n<\/tr>\n<tr>\n<td style=\"text-align: left;\">SKT B 88<\/td>\n<td style=\"text-align: center;\">BAUDOUIN<\/td>\n<td style=\"text-align: center;\">88<\/td>\n<td style=\"text-align: center;\">70<\/td>\n<td style=\"text-align: center;\">50<\/td>\n<td style=\"text-align: center;\">3<\/td>\n<td style=\"text-align: center;\"><a href=\"\/wp-content\/uploads\/PDF\/Baudouin\/SKTB88%284M10G88-5%29.pdf\">Download<\/a><\/td>\n<\/tr>\n<tr>\n<td style=\"text-align: left;\">SKT B 90<\/td>\n<td style=\"text-align: center;\">BAUDOUIN<\/td>\n<td style=\"text-align: center;\">90<\/td>\n<td style=\"text-align: center;\">72<\/td>\n<td style=\"text-align: center;\">50<\/td>\n<td style=\"text-align: center;\">3<\/td>\n<td style=\"text-align: center;\"><a href=\"\/wp-content\/uploads\/PDF\/Baudouin\/SKTB90%284M11G90-5%29.pdf\">Download<\/a><\/td>\n<\/tr>\n<tr>\n<td style=\"text-align: left;\">SKT B 120<\/td>\n<td style=\"text-align: center;\">BAUDOUIN<\/td>\n<td style=\"text-align: center;\">120<\/td>\n<td style=\"text-align: center;\">96<\/td>\n<td style=\"text-align: center;\">50<\/td>\n<td style=\"text-align: center;\">3<\/td>\n<td style=\"text-align: center;\"><a href=\"\/wp-content\/uploads\/PDF\/Baudouin\/SKTB120%284M11G120-5%29.pdf\">Download<\/a><\/td>\n<\/tr>\n<tr>\n<td style=\"text-align: left;\">SKT B 150<\/td>\n<td style=\"text-align: center;\">BAUDOUIN<\/td>\n<td style=\"text-align: center;\">150<\/td>\n<td style=\"text-align: center;\">120<\/td>\n<td style=\"text-align: center;\">50<\/td>\n<td style=\"text-align: center;\">3<\/td>\n<td style=\"text-align: center;\"><a href=\"\/wp-content\/uploads\/PDF\/Baudouin\/SKTB150%286M11G150-5%29.pdf\">Download<\/a><\/td>\n<\/tr>\n<tr>\n<td style=\"text-align: left;\">SKT B 165<\/td>\n<td style=\"text-align: center;\">BAUDOUIN<\/td>\n<td style=\"text-align: center;\">165<\/td>\n<td style=\"text-align: center;\">140<\/td>\n<td style=\"text-align: center;\">50<\/td>\n<td style=\"text-align: center;\">3<\/td>\n<td style=\"text-align: center;\"><a href=\"\/wp-content\/uploads\/PDF\/Baudouin\/SKTB165%286M11G165-5%29_2.pdf\">Download<\/a><\/td>\n<\/tr>\n<tr>\n<td style=\"text-align: left;\">SKT B 220<\/td>\n<td style=\"text-align: center;\">BAUDOUIN<\/td>\n<td style=\"text-align: center;\">220<\/td>\n<td style=\"text-align: center;\">176<\/td>\n<td style=\"text-align: center;\">50<\/td>\n<td style=\"text-align: center;\">3<\/td>\n<td style=\"text-align: center;\"><a href=\"\/wp-content\/uploads\/PDF\/Baudouin\/SKTB220%286M16G220-5%29.pdf\">Download<\/a><\/td>\n<\/tr>\n<tr>\n<td style=\"text-align: left;\">SKT B 250<\/td>\n<td style=\"text-align: center;\">BAUDOUIN<\/td>\n<td style=\"text-align: center;\">250<\/td>\n<td style=\"text-align: center;\">204<\/td>\n<td style=\"text-align: center;\">50<\/td>\n<td style=\"text-align: center;\">3<\/td>\n<td style=\"text-align: center;\"><a href=\"\/wp-content\/uploads\/PDF\/Baudouin\/SKTB250%286M16G250-5%29_2.pdf\">Download<\/a><\/td>\n<\/tr>\n<tr>\n<td style=\"text-align: left;\">SKT B 275<\/td>\n<td style=\"text-align: center;\">BAUDOUIN<\/td>\n<td style=\"text-align: center;\">275<\/td>\n<td style=\"text-align: center;\">220<\/td>\n<td style=\"text-align: center;\">50<\/td>\n<td style=\"text-align: center;\">3<\/td>\n<td style=\"text-align: center;\"><a href=\"\/wp-content\/uploads\/PDF\/Baudouin\/SKTB275%286M16G275-5%29.pdf\">Download<\/a><\/td>\n<\/tr>\n<tr>\n<td style=\"text-align: left;\">SKT B 300<\/td>\n<td style=\"text-align: center;\">BAUDOUIN<\/td>\n<td style=\"text-align: center;\">300<\/td>\n<td style=\"text-align: center;\">240<\/td>\n<td style=\"text-align: center;\">50<\/td>\n<td style=\"text-align: center;\">3<\/td>\n<td style=\"text-align: center;\"><a href=\"\/wp-content\/uploads\/PDF\/Baudouin\/SKTB300%286M16G300-5%29.pdf\">Download<\/a><\/td>\n<\/tr>\n<tr>\n<td style=\"text-align: left;\">SKT B 350<\/td>\n<td style=\"text-align: center;\">BAUDOUIN<\/td>\n<td style=\"text-align: center;\">350<\/td>\n<td style=\"text-align: center;\">280<\/td>\n<td style=\"text-align: center;\">50<\/td>\n<td style=\"text-align: center;\">3<\/td>\n<td style=\"text-align: center;\"><a href=\"\/wp-content\/uploads\/PDF\/Baudouin\/SKTB350%286M16G350-5%29.pdf\">Download<\/a><\/td>\n<\/tr>\n<tr>\n<td style=\"text-align: left;\">SKT B 400<\/td>\n<td style=\"text-align: center;\">BAUDOUIN<\/td>\n<td style=\"text-align: center;\">400<\/td>\n<td style=\"text-align: center;\">320<\/td>\n<td style=\"text-align: center;\">50<\/td>\n<td style=\"text-align: center;\">3<\/td>\n<td style=\"text-align: center;\"><a href=\"\/wp-content\/uploads\/PDF\/Baudouin\/SKTB400%286M21G400-5%29.pdf\">Download<\/a><\/td>\n<\/tr>\n<tr>\n<td style=\"text-align: left;\">SKT B 440<\/td>\n<td style=\"text-align: center;\">BAUDOUIN<\/td>\n<td style=\"text-align: center;\">440<\/td>\n<td style=\"text-align: center;\">352<\/td>\n<td style=\"text-align: center;\">50<\/td>\n<td style=\"text-align: center;\">3<\/td>\n<td style=\"text-align: center;\"><a href=\"\/wp-content\/uploads\/PDF\/Baudouin\/SKTB440%286M21G440-5%29.pdf\">Download<\/a><\/td>\n<\/tr>\n<tr>\n<td style=\"text-align: left;\">SKT B 500<\/td>\n<td style=\"text-align: center;\">BAUDOUIN<\/td>\n<td style=\"text-align: center;\">500<\/td>\n<td style=\"text-align: center;\">400<\/td>\n<td style=\"text-align: center;\">50<\/td>\n<td style=\"text-align: center;\">3<\/td>\n<td style=\"text-align: center;\"><a href=\"\/wp-content\/uploads\/PDF\/Baudouin\/SKTB500%286M21G500-5%29.pdf\">Download<\/a><\/td>\n<\/tr>\n<tr>\n<td style=\"text-align: left;\">SKT B 550<\/td>\n<td style=\"text-align: center;\">BAUDOUIN<\/td>\n<td style=\"text-align: center;\">550<\/td>\n<td style=\"text-align: center;\">440<\/td>\n<td style=\"text-align: center;\">50<\/td>\n<td style=\"text-align: center;\">3<\/td>\n<td style=\"text-align: center;\"><a href=\"\/wp-content\/uploads\/PDF\/Baudouin\/SKTB550%286M26G550-5%29.pdf\">Download<\/a><\/td>\n<\/tr>\n<tr>\n<td style=\"text-align: left;\">SKT B 660<\/td>\n<td style=\"text-align: center;\">BAUDOUIN<\/td>\n<td style=\"text-align: center;\">660<\/td>\n<td style=\"text-align: center;\">528<\/td>\n<td style=\"text-align: center;\">50<\/td>\n<td style=\"text-align: center;\">3<\/td>\n<td style=\"text-align: center;\"><a href=\"\/wp-content\/uploads\/PDF\/Baudouin\/SKTB660%286M33G660-5%29.pdf\">Download<\/a><\/td>\n<\/tr>\n<tr>\n<td style=\"text-align: left;\">SKT B 715<\/td>\n<td style=\"text-align: center;\">BAUDOUIN<\/td>\n<td style=\"text-align: center;\">715<\/td>\n<td style=\"text-align: center;\">572<\/td>\n<td style=\"text-align: center;\">50<\/td>\n<td style=\"text-align: center;\">3<\/td>\n<td style=\"text-align: center;\"><a href=\"\/wp-content\/uploads\/PDF\/Baudouin\/SKTB715%286M33G715-5%29.pdf\">Download<\/a><\/td>\n<\/tr>\n<tr>\n<td style=\"text-align: left;\">SKT B 750<\/td>\n<td style=\"text-align: center;\">BAUDOUIN<\/td>\n<td style=\"text-align: center;\">750<\/td>\n<td style=\"text-align: center;\">600<\/td>\n<td style=\"text-align: center;\">50<\/td>\n<td style=\"text-align: center;\">3<\/td>\n<td style=\"text-align: center;\"><a href=\"\/wp-content\/uploads\/PDF\/Baudouin\/SKTB750%286M33G750-5%29.pdf\">Download<\/a><\/td>\n<\/tr>\n<tr>\n<td style=\"text-align: left;\">SKT B 825<\/td>\n<td style=\"text-align: center;\">BAUDOUIN<\/td>\n<td style=\"text-align: center;\">825<\/td>\n<td style=\"text-align: center;\">660<\/td>\n<td style=\"text-align: center;\">50<\/td>\n<td style=\"text-align: center;\">3<\/td>\n<td style=\"text-align: center;\"><a href=\"\/wp-content\/uploads\/PDF\/Baudouin\/SKTB825%286M33G825-5%29.pdf\">Download<\/a><\/td>\n<\/tr>\n<tr>\n<td style=\"text-align: left;\">SKT B 900<\/td>\n<td style=\"text-align: center;\">BAUDOUIN<\/td>\n<td style=\"text-align: center;\">900<\/td>\n<td style=\"text-align: center;\">720<\/td>\n<td style=\"text-align: center;\">50<\/td>\n<td style=\"text-align: center;\">3<\/td>\n<td style=\"text-align: center;\"><a href=\"\/wp-content\/uploads\/PDF\/Baudouin\/SKTB900%2812M26G900-5%29.pdf\">Download<\/a><\/td>\n<\/tr>\n<tr>\n<td style=\"text-align: left;\">SKT B 1000<\/td>\n<td style=\"text-align: center;\">BAUDOUIN<\/td>\n<td style=\"text-align: center;\">1000<\/td>\n<td style=\"text-align: center;\">800<\/td>\n<td style=\"text-align: center;\">50<\/td>\n<td style=\"text-align: center;\">3<\/td>\n<td style=\"text-align: center;\"><a href=\"\/wp-content\/uploads\/PDF\/Baudouin\/SKTB1000%2812M26G1000-5%29.pdf\">Download<\/a><\/td>\n<\/tr>\n<tr>\n<td style=\"text-align: left;\">SKT B 1100<\/td>\n<td style=\"text-align: center;\">BAUDOUIN<\/td>\n<td style=\"text-align: center;\">1100<\/td>\n<td style=\"text-align: center;\">880<\/td>\n<td style=\"text-align: center;\">50<\/td>\n<td style=\"text-align: center;\">3<\/td>\n<td style=\"text-align: center;\"><a href=\"\/wp-content\/uploads\/PDF\/Baudouin\/SKTB1100%2812M26G1100-5%29.pdf\">Download<\/a><\/td>\n<\/tr>\n<tr>\n<td style=\"text-align: left;\">SKT B 1250<\/td>\n<td style=\"text-align: center;\">BAUDOUIN<\/td>\n<td style=\"text-align: center;\">1250<\/td>\n<td style=\"text-align: center;\">1000<\/td>\n<td style=\"text-align: center;\">50<\/td>\n<td style=\"text-align: center;\">3<\/td>\n<td style=\"text-align: center;\"><a href=\"\/wp-content\/uploads\/PDF\/Baudouin\/SKTB1250%2812M33G1250-5%29.pdf\">Download<\/a><\/td>\n<\/tr>\n<tr>\n<td style=\"text-align: left;\">SKT B 1400<\/td>\n<td style=\"text-align: center;\">BAUDOUIN<\/td>\n<td style=\"text-align: center;\">1400<\/td>\n<td style=\"text-align: center;\">1120<\/td>\n<td style=\"text-align: center;\">50<\/td>\n<td style=\"text-align: center;\">3<\/td>\n<td style=\"text-align: center;\"><a href=\"\/wp-content\/uploads\/PDF\/Baudouin\/SKTB1400%2812M33G1400-5%29.pdf\">Download<\/a><\/td>\n<\/tr>\n<tr>\n<td style=\"text-align: left;\">SKT B 1500<\/td>\n<td style=\"text-align: center;\">BAUDOUIN<\/td>\n<td style=\"text-align: center;\">1500<\/td>\n<td style=\"text-align: center;\">1200<\/td>\n<td style=\"text-align: center;\">50<\/td>\n<td style=\"text-align: center;\">3<\/td>\n<td style=\"text-align: center;\"><a href=\"\/wp-content\/uploads\/PDF\/Baudouin\/SKTB1500%2812M33G1500-5%29.pdf\">Download<\/a><\/td>\n<\/tr>\n<tr>\n<td style=\"text-align: left;\">SKT B 1650<\/td>\n<td style=\"text-align: center;\">BAUDOUIN<\/td>\n<td style=\"text-align: center;\">1650<\/td>\n<td style=\"text-align: center;\">1320<\/td>\n<td style=\"text-align: center;\">50<\/td>\n<td style=\"text-align: center;\">3<\/td>\n<td style=\"text-align: center;\"><a href=\"\/wp-content\/uploads\/PDF\/Baudouin\/SKTB1650%2812M33G1650-5%29.pdf\">Download<\/a><\/td>\n<\/tr>\n<tr>\n<td style=\"text-align: left;\">SKT B 1700<\/td>\n<td style=\"text-align: center;\">BAUDOUIN<\/td>\n<td style=\"text-align: center;\">1700<\/td>\n<td style=\"text-align: center;\">1360<\/td>\n<td style=\"text-align: center;\">50<\/td>\n<td style=\"text-align: center;\">3<\/td>\n<td style=\"text-align: center;\"><a href=\"\/wp-content\/uploads\/PDF\/Baudouin\/SKTB1700%2816M33G1700-5%29.pdf\">Download<\/a><\/td>\n<\/tr>\n<tr>\n<td style=\"text-align: left;\">SKT B 1900<\/td>\n<td style=\"text-align: center;\">BAUDOUIN<\/td>\n<td style=\"text-align: center;\">1900<\/td>\n<td style=\"text-align: center;\">1520<\/td>\n<td style=\"text-align: center;\">50<\/td>\n<td style=\"text-align: center;\">3<\/td>\n<td style=\"text-align: center;\"><a href=\"\/wp-content\/uploads\/PDF\/Baudouin\/SKTB1900%2816M33G1900-5%29.pdf\">Download<\/a><\/td>\n<\/tr>\n<tr>\n<td style=\"text-align: left;\">SKT B 2000<\/td>\n<td style=\"text-align: center;\">BAUDOUIN<\/td>\n<td style=\"text-align: center;\">2000<\/td>\n<td style=\"text-align: center;\">1600<\/td>\n<td style=\"text-align: center;\">50<\/td>\n<td style=\"text-align: center;\">3<\/td>\n<td style=\"text-align: center;\"><a href=\"\/wp-content\/uploads\/PDF\/Baudouin\/SKTB2000%2816M33G2000-5%29.pdf\">Download<\/a><\/td>\n<\/tr>\n<tr>\n<td style=\"text-align: left;\">SKT B 2250<\/td>\n<td style=\"text-align: center;\">BAUDOUIN<\/td>\n<td style=\"text-align: center;\">2250<\/td>\n<td style=\"text-align: center;\">1800<\/td>\n<td style=\"text-align: center;\">50<\/td>\n<td style=\"text-align: center;\">3<\/td>\n<td style=\"text-align: center;\"><a href=\"\/wp-content\/uploads\/PDF\/Baudouin\/SKTB2250%2816M33G2250-5%29.pdf\">Download<\/a><\/td>\n<\/tr>\n<tr>\n<td style=\"text-align: left;\">SKT B 2550<\/td>\n<td style=\"text-align: center;\">BAUDOUIN<\/td>\n<td style=\"text-align: center;\">2550<\/td>\n<td style=\"text-align: center;\">2040<\/td>\n<td style=\"text-align: center;\">50<\/td>\n<td style=\"text-align: center;\">3<\/td>\n<td style=\"text-align: center;\"><a href=\"\/wp-content\/uploads\/PDF\/Baudouin\/SKTB2550%2812M55G2550-5%29.pdf\">Download<\/a><\/td>\n<\/tr>\n<tr>\n<td style=\"text-align: left;\">SKT B 2750<\/td>\n<td style=\"text-align: center;\">BAUDOUIN<\/td>\n<td style=\"text-align: center;\">2750<\/td>\n<td style=\"text-align: center;\">2200<\/td>\n<td style=\"text-align: center;\">50<\/td>\n<td style=\"text-align: center;\">3<\/td>\n<td style=\"text-align: center;\"><a href=\"\/wp-content\/uploads\/PDF\/Baudouin\/SKTB2750%2812M55G2750-5%29.pdf\">Download<\/a><\/td>\n<\/tr>\n<\/tbody>\n<\/table>\n<\/div>\n<\/div>\n<\/div>\n<p><!-- Bootstrap JS ve di\u011fer ba\u011f\u0131ml\u0131l\u0131klar --><br \/>\n<script src=\"https:\/\/code.jquery.com\/jquery-3.6.0.min.js\" integrity=\"sha384-KyZXEAg3QhqLMpG8r+Knujsl5+z8w\/Zrhj5H\/wfg3O8Vv5cR5KQrg8hjvlXoGUh3\" crossorigin=\"anonymous\"><\/script><br \/>\n<script src=\"https:\/\/cdn.jsdelivr.net\/npm\/@popperjs\/core@2.11.6\/dist\/umd\/popper.min.js\" integrity=\"sha384-dHtCz6AT0tFM6w7PmPvkug3tWt9fHfOEaIH7+9V0aR5c3JoP\/z5b8rG6LAeNhT7L\" crossorigin=\"anonymous\"><\/script><br \/>\n<script src=\"https:\/\/stackpath.bootstrapcdn.com\/bootstrap\/5.1.3\/js\/bootstrap.min.js\" integrity=\"sha384-KyZXEAg3QhqLMpG8r+Knujsl5+z8w\/Zrhj5H\/wfg3O8Vv5cR5KQrg8hjvlXoGUh3\" crossorigin=\"anonymous\"><\/script><\/p>\n<\/div>","protected":false},"excerpt":{"rendered":"<p>[vc_row el_id=&#8221;1709553033109-89c8fc14-c0c9&#8243;][vc_column][vc_gallery type=&#8221;image_grid&#8221; images=&#8221;1672,1670,1669,1668,1667,1666,1665&#8243; onclick=&#8221;custom_link&#8221; css_animation=&#8221;slideInLeft&#8221; custom_links=&#8221;#E-8_aHR0cHMlM0ElMkYlMkZza2F0cG93ZXIuY29tJTJGJTNGcGFnZV9pZCUzRDEyNjQlMkYlMkNodHRwcyUzQSUyRiUyRnNrYXRwb3dlci5jb20lMkYlM0ZwYWdlX2lkJTNEMTcyNiUyRiUyQ2h0dHBzJTNBJTJGJTJGc2thdHBvd2VyLmNvbSUyRiUzRnBhZ2VfaWQlM0QxNzQ0JTJGJTJDaHR0cHMlM0ElMkYlMkZza2F0cG93ZXIuY29tJTJGJTNGcGFnZV9pZCUzRDE3NTElMkYlMkNodHRwcyUzQSUyRiUyRnNrYXRwb3dlci5jb20lMkYlM0ZwYWdlX2lkJTNEMTc0NiUyRiUyQ2h0dHBzJTNBJTJGJTJGc2thdHBvd2VyLmNvbSUyRiUzRnBhZ2VfaWQlM0QxNzcyJTJGJTJDaHR0cHMlM0ElMkYlMkZza2F0cG93ZXIuY29tJTJGJTNGcGFnZV9pZCUzRDE3MzklMkY=&#8221;][vc_separator][\/vc_column][\/vc_row][vc_row el_id=&#8221;1709629799785-ab651e72-8e0f&#8221;][vc_column][vc_tta_accordion][vc_tta_section title=&#8221;BAUDOUIN&#8221; tab_id=&#8221;1709629828308-265a3ce9-aaa5&#8243;][vc_column_text] &nbsp; Model Engine kVa kW Frequency (Hz) Phase PDF Catalogue SKT B 20 BAUDOUIN 20 16 50 3 Download SKT B 25 BAUDOUIN 25 20 50 3 Download SKT B 35 BAUDOUIN 35 28 50 3 Download SKT B 44 BAUDOUIN 44 35 50 3 [&hellip;]<\/p>\n","protected":false},"author":1,"featured_media":0,"parent":0,"menu_order":0,"comment_status":"closed","ping_status":"closed","template":"templates\/full-width.php","meta":{"footnotes":""},"acf":[],"_links":{"self":[{"href":"https:\/\/skatpower.com\/index.php?rest_route=\/wp\/v2\/pages\/1726"}],"collection":[{"href":"https:\/\/skatpower.com\/index.php?rest_route=\/wp\/v2\/pages"}],"about":[{"href":"https:\/\/skatpower.com\/index.php?rest_route=\/wp\/v2\/types\/page"}],"author":[{"embeddable":true,"href":"https:\/\/skatpower.com\/index.php?rest_route=\/wp\/v2\/users\/1"}],"replies":[{"embeddable":true,"href":"https:\/\/skatpower.com\/index.php?rest_route=%2Fwp%2Fv2%2Fcomments&post=1726"}],"version-history":[{"count":11,"href":"https:\/\/skatpower.com\/index.php?rest_route=\/wp\/v2\/pages\/1726\/revisions"}],"predecessor-version":[{"id":1840,"href":"https:\/\/skatpower.com\/index.php?rest_route=\/wp\/v2\/pages\/1726\/revisions\/1840"}],"wp:attachment":[{"href":"https:\/\/skatpower.com\/index.php?rest_route=%2Fwp%2Fv2%2Fmedia&parent=1726"}],"curies":[{"name":"wp","href":"https:\/\/api.w.org\/{rel}","templated":true}]}}