{"id":1739,"date":"2024-03-18T11:42:17","date_gmt":"2024-03-18T08:42:17","guid":{"rendered":"https:\/\/skatpower.com\/?page_id=1739"},"modified":"2024-10-09T14:30:30","modified_gmt":"2024-10-09T11:30:30","slug":"yangdong-11-110-kva","status":"publish","type":"page","link":"https:\/\/skatpower.com\/?page_id=1739","title":{"rendered":"YANGDONG | 11- 110 kVA"},"content":{"rendered":"<div class=\"wpb-content-wrapper\"><p>[vc_row el_id=&#8221;1709553033109-89c8fc14-c0c9&#8243;][vc_column][vc_gallery type=&#8221;image_grid&#8221; images=&#8221;1672,1670,1669,1668,1667,1666,1665&#8243; onclick=&#8221;custom_link&#8221; css_animation=&#8221;slideInLeft&#8221; custom_links=&#8221;#E-8_aHR0cHMlM0ElMkYlMkZza2F0cG93ZXIuY29tJTJGJTNGcGFnZV9pZCUzRDEyNjQlMkYlMkNodHRwcyUzQSUyRiUyRnNrYXRwb3dlci5jb20lMkYlM0ZwYWdlX2lkJTNEMTcyNiUyRiUyQ2h0dHBzJTNBJTJGJTJGc2thdHBvd2VyLmNvbSUyRiUzRnBhZ2VfaWQlM0QxNzQ0JTJGJTJDaHR0cHMlM0ElMkYlMkZza2F0cG93ZXIuY29tJTJGJTNGcGFnZV9pZCUzRDE3NTElMkYlMkNodHRwcyUzQSUyRiUyRnNrYXRwb3dlci5jb20lMkYlM0ZwYWdlX2lkJTNEMTc0NiUyRiUyQ2h0dHBzJTNBJTJGJTJGc2thdHBvd2VyLmNvbSUyRiUzRnBhZ2VfaWQlM0QxNzcyJTJGJTJDaHR0cHMlM0ElMkYlMkZza2F0cG93ZXIuY29tJTJGJTNGcGFnZV9pZCUzRDE3MzklMkY=&#8221;][vc_separator][\/vc_column][\/vc_row][vc_row el_id=&#8221;1709629799785-ab651e72-8e0f&#8221;][vc_column][vc_tta_accordion][vc_tta_section title=&#8221;YANGDONG&#8221; tab_id=&#8221;1709629828308-265a3ce9-aaa5&#8243;][vc_column_text]<\/p>\n<p><!-- Required meta tags --><\/p>\n<p><!-- Bootstrap CSS --><\/p>\n<p>&nbsp;<\/p>\n<div class=\"container\">\n<div class=\"row\">\n<div class=\"col\">\n<table id=\"example\" class=\"table table-striped nowrap\" style=\"width: 100%;\">\n<thead>\n<tr>\n<th>Model<\/th>\n<th style=\"text-align: center;\">Engine<\/th>\n<th style=\"text-align: center;\">kVa<\/th>\n<th style=\"text-align: center;\">kW<\/th>\n<th style=\"text-align: center;\">Frequency (Hz)<\/th>\n<th style=\"text-align: center;\">Phase<\/th>\n<th style=\"text-align: center;\"><b>PDF Catalogue<\/b><\/th>\n<\/tr>\n<\/thead>\n<tbody>\n<tr>\n<td style=\"text-align: left;\">SKT Y 11<\/td>\n<td style=\"text-align: center;\">YANGDONG<\/td>\n<td style=\"text-align: center;\">11<\/td>\n<td style=\"text-align: center;\">10<\/td>\n<td style=\"text-align: center;\">50<\/td>\n<td style=\"text-align: center;\">1<\/td>\n<td style=\"text-align: center;\"><a href=\"\/wp-content\/uploads\/PDF\/Yangdong\/SKTY11_M%28YD480D%29.pdf\">Download<\/a><\/td>\n<\/tr>\n<tr>\n<td style=\"text-align: left;\">SKT Y 14<\/td>\n<td style=\"text-align: center;\">YANGDONG<\/td>\n<td style=\"text-align: center;\">14<\/td>\n<td style=\"text-align: center;\">11<\/td>\n<td style=\"text-align: center;\">50<\/td>\n<td style=\"text-align: center;\">3<\/td>\n<td style=\"text-align: center;\"><a href=\"\/wp-content\/uploads\/PDF\/Yangdong\/SKTY14%28YD385D%29.pdf\">Download<\/a><\/td>\n<\/tr>\n<tr>\n<td style=\"text-align: left;\">SKT Y 16<\/td>\n<td style=\"text-align: center;\">YANGDONG<\/td>\n<td style=\"text-align: center;\">16<\/td>\n<td style=\"text-align: center;\">13<\/td>\n<td style=\"text-align: center;\">50<\/td>\n<td style=\"text-align: center;\">3<\/td>\n<td style=\"text-align: center;\"><a href=\"\/wp-content\/uploads\/PDF\/Yangdong\/SKTY16%28YD480D%29.pdf\">Download<\/a><\/td>\n<\/tr>\n<tr>\n<td style=\"text-align: left;\">SKT Y 17.5<\/td>\n<td style=\"text-align: center;\">YANGDONG<\/td>\n<td style=\"text-align: center;\">17.5<\/td>\n<td style=\"text-align: center;\">14<\/td>\n<td style=\"text-align: center;\">50<\/td>\n<td style=\"text-align: center;\">1<\/td>\n<td style=\"text-align: center;\"><a href=\"\/wp-content\/uploads\/PDF\/Yangdong\/SKTY17%2C5M%28YD480D%29%201%20Phase.pdf\">Download<\/a><\/td>\n<\/tr>\n<tr>\n<td style=\"text-align: left;\">SKT Y 22<\/td>\n<td style=\"text-align: center;\">YANGDONG<\/td>\n<td style=\"text-align: center;\">22<\/td>\n<td style=\"text-align: center;\">18<\/td>\n<td style=\"text-align: center;\">50<\/td>\n<td style=\"text-align: center;\">3<\/td>\n<td style=\"text-align: center;\"><a href=\"\/wp-content\/uploads\/PDF\/Yangdong\/SKTY22%28YND485D%29.pdf\">Download<\/a><\/td>\n<\/tr>\n<tr>\n<td style=\"text-align: left;\">SKT Y 25<\/td>\n<td style=\"text-align: center;\">YANGDONG<\/td>\n<td style=\"text-align: center;\">25<\/td>\n<td style=\"text-align: center;\">20<\/td>\n<td style=\"text-align: center;\">50<\/td>\n<td style=\"text-align: center;\">3<\/td>\n<td style=\"text-align: center;\"><a href=\"\/wp-content\/uploads\/PDF\/Yangdong\/SKTY25%28YSD490D%29.pdf\">Download<\/a><\/td>\n<\/tr>\n<tr>\n<td style=\"text-align: left;\">SKT Y 30<\/td>\n<td style=\"text-align: center;\">YANGDONG<\/td>\n<td style=\"text-align: center;\">30<\/td>\n<td style=\"text-align: center;\">24<\/td>\n<td style=\"text-align: center;\">50<\/td>\n<td style=\"text-align: center;\">3<\/td>\n<td style=\"text-align: center;\"><a href=\"\/wp-content\/uploads\/PDF\/Yangdong\/SKTY30%28Y495D%29.pdf\">Download<\/a><\/td>\n<\/tr>\n<tr>\n<td style=\"text-align: left;\">SKT Y 35<\/td>\n<td style=\"text-align: center;\">YANGDONG<\/td>\n<td style=\"text-align: center;\">35<\/td>\n<td style=\"text-align: center;\">28<\/td>\n<td style=\"text-align: center;\">50<\/td>\n<td style=\"text-align: center;\">3<\/td>\n<td style=\"text-align: center;\"><a href=\"\/wp-content\/uploads\/PDF\/Yangdong\/SKTY35%28Y4100D%29.pdf\">Download<\/a><\/td>\n<\/tr>\n<tr>\n<td style=\"text-align: left;\">SKT Y 42<\/td>\n<td style=\"text-align: center;\">YANGDONG<\/td>\n<td style=\"text-align: center;\">42<\/td>\n<td style=\"text-align: center;\">34<\/td>\n<td style=\"text-align: center;\">50<\/td>\n<td style=\"text-align: center;\">3<\/td>\n<td style=\"text-align: center;\"><a href=\"\/wp-content\/uploads\/PDF\/Yangdong\/SKTY42%28Y4102D%29.pdf\">Download<\/a><\/td>\n<\/tr>\n<tr>\n<td style=\"text-align: left;\">SKT Y 50<\/td>\n<td style=\"text-align: center;\">YANGDONG<\/td>\n<td style=\"text-align: center;\">50<\/td>\n<td style=\"text-align: center;\">40<\/td>\n<td style=\"text-align: center;\">50<\/td>\n<td style=\"text-align: center;\">3<\/td>\n<td style=\"text-align: center;\"><a href=\"\/wp-content\/uploads\/PDF\/Yangdong\/SKTY50%28Y4102D%29.pdf\">Download<\/a><\/td>\n<\/tr>\n<tr>\n<td style=\"text-align: left;\">SKT Y 60<\/td>\n<td style=\"text-align: center;\">YANGDONG<\/td>\n<td style=\"text-align: center;\">60<\/td>\n<td style=\"text-align: center;\">48<\/td>\n<td style=\"text-align: center;\">50<\/td>\n<td style=\"text-align: center;\">3<\/td>\n<td style=\"text-align: center;\"><a href=\"\/wp-content\/uploads\/PDF\/Yangdong\/SKTY60%28Y4102ZLD%29.pdf\">Download<\/a><\/td>\n<\/tr>\n<tr>\n<td style=\"text-align: left;\">SKT Y 70<\/td>\n<td style=\"text-align: center;\">YANGDONG<\/td>\n<td style=\"text-align: center;\">70<\/td>\n<td style=\"text-align: center;\">56<\/td>\n<td style=\"text-align: center;\">50<\/td>\n<td style=\"text-align: center;\">3<\/td>\n<td style=\"text-align: center;\"><a href=\"\/wp-content\/uploads\/PDF\/Yangdong\/SKTY70%28Y4105ZLD%29.pdf\">Download<\/a><\/td>\n<\/tr>\n<tr>\n<td style=\"text-align: left;\">SKT Y 80<\/td>\n<td style=\"text-align: center;\">YANGDONG<\/td>\n<td style=\"text-align: center;\">80<\/td>\n<td style=\"text-align: center;\">64<\/td>\n<td style=\"text-align: center;\">50<\/td>\n<td style=\"text-align: center;\">3<\/td>\n<td style=\"text-align: center;\"><a href=\"\/wp-content\/uploads\/PDF\/Yangdong\/SKTY80%28Y4110ZLDA%29.pdf\">Download<\/a><\/td>\n<\/tr>\n<tr>\n<td style=\"text-align: left;\">SKT Y 90<\/td>\n<td style=\"text-align: center;\">YANGDONG<\/td>\n<td style=\"text-align: center;\">90<\/td>\n<td style=\"text-align: center;\">72<\/td>\n<td style=\"text-align: center;\">50<\/td>\n<td style=\"text-align: center;\">3<\/td>\n<td style=\"text-align: center;\"><a href=\"\/wp-content\/uploads\/PDF\/Yangdong\/SKTY90%28Y4110ZLDA%29.pdf\">Download<\/a><\/td>\n<\/tr>\n<tr>\n<td style=\"text-align: left;\">SKT Y 100<\/td>\n<td style=\"text-align: center;\">YANGDONG<\/td>\n<td style=\"text-align: center;\">100<\/td>\n<td style=\"text-align: center;\">80<\/td>\n<td style=\"text-align: center;\">50<\/td>\n<td style=\"text-align: center;\">3<\/td>\n<td style=\"text-align: center;\"><a href=\"\/wp-content\/uploads\/PDF\/Yangdong\/SKTY100%28Y4110ZLD%29.pdf\">Download<\/a><\/td>\n<\/tr>\n<tr>\n<td style=\"text-align: left;\">SKT Y 110<\/td>\n<td style=\"text-align: center;\">YANGDONG<\/td>\n<td style=\"text-align: center;\">110<\/td>\n<td style=\"text-align: center;\">88<\/td>\n<td style=\"text-align: center;\">50<\/td>\n<td style=\"text-align: center;\">3<\/td>\n<td style=\"text-align: center;\"><a href=\"\/wp-content\/uploads\/PDF\/Yangdong\/SKTY110%28YD4GZLD%29.pdf\">Download<\/a><\/td>\n<\/tr>\n<\/tbody>\n<\/table>\n<\/div>\n<\/div>\n<\/div>\n<p><!-- Bootstrap JS ve di\u011fer ba\u011f\u0131ml\u0131l\u0131klar --><br \/>\n<script src=\"https:\/\/code.jquery.com\/jquery-3.6.0.min.js\" integrity=\"sha384-KyZXEAg3QhqLMpG8r+Knujsl5+z8w\/Zrhj5H\/wfg3O8Vv5cR5KQrg8hjvlXoGUh3\" crossorigin=\"anonymous\"><\/script><br \/>\n<script src=\"https:\/\/cdn.jsdelivr.net\/npm\/@popperjs\/core@2.11.6\/dist\/umd\/popper.min.js\" integrity=\"sha384-dHtCz6AT0tFM6w7PmPvkug3tWt9fHfOEaIH7+9V0aR5c3JoP\/z5b8rG6LAeNhT7L\" crossorigin=\"anonymous\"><\/script><br \/>\n<script src=\"https:\/\/stackpath.bootstrapcdn.com\/bootstrap\/5.1.3\/js\/bootstrap.min.js\" integrity=\"sha384-KyZXEAg3QhqLMpG8r+Knujsl5+z8w\/Zrhj5H\/wfg3O8Vv5cR5KQrg8hjvlXoGUh3\" crossorigin=\"anonymous\"><\/script><\/p>\n<\/div>","protected":false},"excerpt":{"rendered":"<p>[vc_row el_id=&#8221;1709553033109-89c8fc14-c0c9&#8243;][vc_column][vc_gallery type=&#8221;image_grid&#8221; images=&#8221;1672,1670,1669,1668,1667,1666,1665&#8243; onclick=&#8221;custom_link&#8221; css_animation=&#8221;slideInLeft&#8221; custom_links=&#8221;#E-8_aHR0cHMlM0ElMkYlMkZza2F0cG93ZXIuY29tJTJGJTNGcGFnZV9pZCUzRDEyNjQlMkYlMkNodHRwcyUzQSUyRiUyRnNrYXRwb3dlci5jb20lMkYlM0ZwYWdlX2lkJTNEMTcyNiUyRiUyQ2h0dHBzJTNBJTJGJTJGc2thdHBvd2VyLmNvbSUyRiUzRnBhZ2VfaWQlM0QxNzQ0JTJGJTJDaHR0cHMlM0ElMkYlMkZza2F0cG93ZXIuY29tJTJGJTNGcGFnZV9pZCUzRDE3NTElMkYlMkNodHRwcyUzQSUyRiUyRnNrYXRwb3dlci5jb20lMkYlM0ZwYWdlX2lkJTNEMTc0NiUyRiUyQ2h0dHBzJTNBJTJGJTJGc2thdHBvd2VyLmNvbSUyRiUzRnBhZ2VfaWQlM0QxNzcyJTJGJTJDaHR0cHMlM0ElMkYlMkZza2F0cG93ZXIuY29tJTJGJTNGcGFnZV9pZCUzRDE3MzklMkY=&#8221;][vc_separator][\/vc_column][\/vc_row][vc_row el_id=&#8221;1709629799785-ab651e72-8e0f&#8221;][vc_column][vc_tta_accordion][vc_tta_section title=&#8221;YANGDONG&#8221; tab_id=&#8221;1709629828308-265a3ce9-aaa5&#8243;][vc_column_text] &nbsp; Model Engine kVa kW Frequency (Hz) Phase PDF Catalogue SKT Y 11 YANGDONG 11 10 50 1 Download SKT Y 14 YANGDONG 14 11 50 3 Download SKT Y 16 YANGDONG 16 13 50 3 Download SKT Y 17.5 YANGDONG 17.5 14 50 1 [&hellip;]<\/p>\n","protected":false},"author":1,"featured_media":0,"parent":0,"menu_order":0,"comment_status":"closed","ping_status":"closed","template":"templates\/full-width.php","meta":{"footnotes":""},"acf":[],"_links":{"self":[{"href":"https:\/\/skatpower.com\/index.php?rest_route=\/wp\/v2\/pages\/1739"}],"collection":[{"href":"https:\/\/skatpower.com\/index.php?rest_route=\/wp\/v2\/pages"}],"about":[{"href":"https:\/\/skatpower.com\/index.php?rest_route=\/wp\/v2\/types\/page"}],"author":[{"embeddable":true,"href":"https:\/\/skatpower.com\/index.php?rest_route=\/wp\/v2\/users\/1"}],"replies":[{"embeddable":true,"href":"https:\/\/skatpower.com\/index.php?rest_route=%2Fwp%2Fv2%2Fcomments&post=1739"}],"version-history":[{"count":15,"href":"https:\/\/skatpower.com\/index.php?rest_route=\/wp\/v2\/pages\/1739\/revisions"}],"predecessor-version":[{"id":1847,"href":"https:\/\/skatpower.com\/index.php?rest_route=\/wp\/v2\/pages\/1739\/revisions\/1847"}],"wp:attachment":[{"href":"https:\/\/skatpower.com\/index.php?rest_route=%2Fwp%2Fv2%2Fmedia&parent=1739"}],"curies":[{"name":"wp","href":"https:\/\/api.w.org\/{rel}","templated":true}]}}