{"id":1744,"date":"2024-03-18T11:54:56","date_gmt":"2024-03-18T08:54:56","guid":{"rendered":"https:\/\/skatpower.com\/?page_id=1744"},"modified":"2024-05-13T11:18:35","modified_gmt":"2024-05-13T08:18:35","slug":"shanghai-dongfeng-220-1250-kva","status":"publish","type":"page","link":"https:\/\/skatpower.com\/?page_id=1744","title":{"rendered":"SHANGHA\u0130 DONGFENG | 220 &#8211; 1250 kVA"},"content":{"rendered":"<div class=\"wpb-content-wrapper\"><p>[vc_row el_id=&#8221;1709553033109-89c8fc14-c0c9&#8243;][vc_column][vc_gallery type=&#8221;image_grid&#8221; images=&#8221;1672,1670,1669,1668,1667,1666,1665&#8243; onclick=&#8221;custom_link&#8221; css_animation=&#8221;slideInLeft&#8221; custom_links=&#8221;#E-8_aHR0cHMlM0ElMkYlMkZza2F0cG93ZXIuY29tJTJGJTNGcGFnZV9pZCUzRDEyNjQlMkYlMkNodHRwcyUzQSUyRiUyRnNrYXRwb3dlci5jb20lMkYlM0ZwYWdlX2lkJTNEMTcyNiUyRiUyQ2h0dHBzJTNBJTJGJTJGc2thdHBvd2VyLmNvbSUyRiUzRnBhZ2VfaWQlM0QxNzQ0JTJGJTJDaHR0cHMlM0ElMkYlMkZza2F0cG93ZXIuY29tJTJGJTNGcGFnZV9pZCUzRDE3NTElMkYlMkNodHRwcyUzQSUyRiUyRnNrYXRwb3dlci5jb20lMkYlM0ZwYWdlX2lkJTNEMTc0NiUyRiUyQ2h0dHBzJTNBJTJGJTJGc2thdHBvd2VyLmNvbSUyRiUzRnBhZ2VfaWQlM0QxNzcyJTJGJTJDaHR0cHMlM0ElMkYlMkZza2F0cG93ZXIuY29tJTJGJTNGcGFnZV9pZCUzRDE3MzklMkY=&#8221;][vc_separator][\/vc_column][\/vc_row][vc_row el_id=&#8221;1709629799785-ab651e72-8e0f&#8221;][vc_column][vc_tta_accordion][vc_tta_section title=&#8221;SHANGHAI DONGFENG&#8221; tab_id=&#8221;1709629828308-265a3ce9-aaa5&#8243;][vc_column_text]<\/p>\n<p><!-- Required meta tags --><\/p>\n<p><!-- Bootstrap CSS --><\/p>\n<p>&nbsp;<\/p>\n<div class=\"container\">\n<div class=\"row\">\n<div class=\"col\">\n<table id=\"example\" class=\"table table-striped nowrap\" style=\"width: 100%;\">\n<thead>\n<tr>\n<th>Model<\/th>\n<th style=\"text-align: center;\">Engine<\/th>\n<th style=\"text-align: center;\">kVa<\/th>\n<th style=\"text-align: center;\">kW<\/th>\n<th style=\"text-align: center;\">Frequency (Hz)<\/th>\n<th style=\"text-align: center;\">Phase<\/th>\n<th style=\"text-align: center;\"><b>PDF Catalogue<\/b><\/th>\n<\/tr>\n<\/thead>\n<tbody>\n<tr>\n<td style=\"text-align: left;\">SKT DF 220<\/td>\n<td style=\"text-align: center;\">DONGFENG<\/td>\n<td style=\"text-align: center;\">220<\/td>\n<td style=\"text-align: center;\">176<\/td>\n<td style=\"text-align: center;\">50<\/td>\n<td style=\"text-align: center;\">3<\/td>\n<td style=\"text-align: center;\"><a href=\"\/wp-content\/uploads\/PDF\/Dongfeng\/SKTDF220%286C180TAD%29.pdf\">Download<\/a><\/td>\n<\/tr>\n<tr>\n<td style=\"text-align: left;\">SKT DF 250<\/td>\n<td style=\"text-align: center;\">DONGFENG<\/td>\n<td style=\"text-align: center;\">250<\/td>\n<td style=\"text-align: center;\">200<\/td>\n<td style=\"text-align: center;\">50<\/td>\n<td style=\"text-align: center;\">3<\/td>\n<td style=\"text-align: center;\"><a href=\"\/wp-content\/uploads\/PDF\/Dongfeng\/SKTDF250%286C227TAD%29.pdf\">Download<\/a><\/td>\n<\/tr>\n<tr>\n<td style=\"text-align: left;\">SKT DF 275<\/td>\n<td style=\"text-align: center;\">DONGFENG<\/td>\n<td style=\"text-align: center;\">275<\/td>\n<td style=\"text-align: center;\">220<\/td>\n<td style=\"text-align: center;\">50<\/td>\n<td style=\"text-align: center;\">3<\/td>\n<td style=\"text-align: center;\"><a href=\"\/wp-content\/uploads\/PDF\/Dongfeng\/SKTDF275%286C227TAD%29.pdf\">Download<\/a><\/td>\n<\/tr>\n<tr>\n<td style=\"text-align: left;\">SKT DF 330<\/td>\n<td style=\"text-align: center;\">DONGFENG<\/td>\n<td style=\"text-align: center;\">330<\/td>\n<td style=\"text-align: center;\">264<\/td>\n<td style=\"text-align: center;\">50<\/td>\n<td style=\"text-align: center;\">3<\/td>\n<td style=\"text-align: center;\"><a href=\"\/wp-content\/uploads\/PDF\/Dongfeng\/SKTDF330%286C263TAD%29.pdf\">Download<\/a><\/td>\n<\/tr>\n<tr>\n<td style=\"text-align: left;\">SKT DF 460<\/td>\n<td style=\"text-align: center;\">DONGFENG<\/td>\n<td style=\"text-align: center;\">460<\/td>\n<td style=\"text-align: center;\">368<\/td>\n<td style=\"text-align: center;\">50<\/td>\n<td style=\"text-align: center;\">3<\/td>\n<td style=\"text-align: center;\"><a href=\"\/wp-content\/uploads\/PDF\/Dongfeng\/SKTDF460%286C460TAD%29.pdf\">Download<\/a><\/td>\n<\/tr>\n<tr>\n<td style=\"text-align: left;\">SKT DF 515<\/td>\n<td style=\"text-align: center;\">DONGFENG<\/td>\n<td style=\"text-align: center;\">515<\/td>\n<td style=\"text-align: center;\">412<\/td>\n<td style=\"text-align: center;\">50<\/td>\n<td style=\"text-align: center;\">3<\/td>\n<td style=\"text-align: center;\"><a href=\"\/wp-content\/uploads\/PDF\/Dongfeng\/SKTDF515%286C460TAD%29.pdf\">Download<\/a><\/td>\n<\/tr>\n<tr>\n<td style=\"text-align: left;\">SKT DF 550<\/td>\n<td style=\"text-align: center;\">DONGFENG<\/td>\n<td style=\"text-align: center;\">550<\/td>\n<td style=\"text-align: center;\">440<\/td>\n<td style=\"text-align: center;\">50<\/td>\n<td style=\"text-align: center;\">3<\/td>\n<td style=\"text-align: center;\"><a href=\"\/wp-content\/uploads\/PDF\/Dongfeng\/SKTDF550%2812C515TAD%29.pdf\">Download<\/a><\/td>\n<\/tr>\n<tr>\n<td style=\"text-align: left;\">SKT DF 630<\/td>\n<td style=\"text-align: center;\">DONGFENG<\/td>\n<td style=\"text-align: center;\">630<\/td>\n<td style=\"text-align: center;\">504<\/td>\n<td style=\"text-align: center;\">50<\/td>\n<td style=\"text-align: center;\">3<\/td>\n<td style=\"text-align: center;\"><a href=\"\/wp-content\/uploads\/PDF\/Dongfeng\/SKTDF630%2812C565TAD%29.pdf\">Download<\/a><\/td>\n<\/tr>\n<tr>\n<td style=\"text-align: left;\">SKT DF 660<\/td>\n<td style=\"text-align: center;\">DONGFENG<\/td>\n<td style=\"text-align: center;\">660<\/td>\n<td style=\"text-align: center;\">528<\/td>\n<td style=\"text-align: center;\">50<\/td>\n<td style=\"text-align: center;\">3<\/td>\n<td style=\"text-align: center;\"><a href=\"\/wp-content\/uploads\/PDF\/Dongfeng\/SKTDF660%2812C565TAD%29.pdf\">Download<\/a><\/td>\n<\/tr>\n<tr>\n<td style=\"text-align: left;\">SKT DF 715<\/td>\n<td style=\"text-align: center;\">DONGFENG<\/td>\n<td style=\"text-align: center;\">715<\/td>\n<td style=\"text-align: center;\">572<\/td>\n<td style=\"text-align: center;\">50<\/td>\n<td style=\"text-align: center;\">3<\/td>\n<td style=\"text-align: center;\"><a href=\"\/wp-content\/uploads\/PDF\/Dongfeng\/SKTDF715%2812C630TAD%29.pdf\">Download<\/a><\/td>\n<\/tr>\n<tr>\n<td style=\"text-align: left;\">SKT DF 750<\/td>\n<td style=\"text-align: center;\">DONGFENG<\/td>\n<td style=\"text-align: center;\">750<\/td>\n<td style=\"text-align: center;\">600<\/td>\n<td style=\"text-align: center;\">50<\/td>\n<td style=\"text-align: center;\">3<\/td>\n<td style=\"text-align: center;\"><a href=\"\/wp-content\/uploads\/PDF\/Dongfeng\/SKTDF750%2812C630TAD%29.pdf\">Download<\/a><\/td>\n<\/tr>\n<tr>\n<td style=\"text-align: left;\">SKT DF 825<\/td>\n<td style=\"text-align: center;\">DONGFENG<\/td>\n<td style=\"text-align: center;\">825<\/td>\n<td style=\"text-align: center;\">660<\/td>\n<td style=\"text-align: center;\">50<\/td>\n<td style=\"text-align: center;\">3<\/td>\n<td style=\"text-align: center;\"><a href=\"\/wp-content\/uploads\/PDF\/Dongfeng\/SKTDF825%2812C780TAD%29.pdf\">Download<\/a><\/td>\n<\/tr>\n<tr>\n<td style=\"text-align: left;\">SKT DF 935<\/td>\n<td style=\"text-align: center;\">DONGFENG<\/td>\n<td style=\"text-align: center;\">935<\/td>\n<td style=\"text-align: center;\">748<\/td>\n<td style=\"text-align: center;\">50<\/td>\n<td style=\"text-align: center;\">3<\/td>\n<td style=\"text-align: center;\"><a href=\"\/wp-content\/uploads\/PDF\/Dongfeng\/SKTDF935%2812C886TAD%29.pdf\">Download<\/a><\/td>\n<\/tr>\n<tr>\n<td style=\"text-align: left;\">SKT DF 1000<\/td>\n<td style=\"text-align: center;\">DONGFENG<\/td>\n<td style=\"text-align: center;\">1000<\/td>\n<td style=\"text-align: center;\">800<\/td>\n<td style=\"text-align: center;\">50<\/td>\n<td style=\"text-align: center;\">3<\/td>\n<td style=\"text-align: center;\"><a href=\"\/wp-content\/uploads\/PDF\/Dongfeng\/SKTDF1000%2812C886TAD%29.pdf\">Download<\/a><\/td>\n<\/tr>\n<tr>\n<td style=\"text-align: left;\">SKT DF 1100<\/td>\n<td style=\"text-align: center;\">DONGFENG<\/td>\n<td style=\"text-align: center;\">1100<\/td>\n<td style=\"text-align: center;\">880<\/td>\n<td style=\"text-align: center;\">50<\/td>\n<td style=\"text-align: center;\">3<\/td>\n<td style=\"text-align: center;\"><a href=\"\/wp-content\/uploads\/PDF\/Dongfeng\/SKTDF1100%2812C886TAD%29.pdf\">Download<\/a><\/td>\n<\/tr>\n<tr>\n<td style=\"text-align: left;\">SKT DF 1250<\/td>\n<td style=\"text-align: center;\">DONGFENG<\/td>\n<td style=\"text-align: center;\">1250<\/td>\n<td style=\"text-align: center;\">1000<\/td>\n<td style=\"text-align: center;\">50<\/td>\n<td style=\"text-align: center;\">3<\/td>\n<td style=\"text-align: center;\"><a href=\"\/wp-content\/uploads\/PDF\/Dongfeng\/SKTDF1250%2812C970TAD%29.pdf\">Download<\/a><\/td>\n<\/tr>\n<\/tbody>\n<\/table>\n<\/div>\n<\/div>\n<\/div>\n<p><!-- Bootstrap JS ve di\u011fer ba\u011f\u0131ml\u0131l\u0131klar --><br \/>\n<script src=\"https:\/\/code.jquery.com\/jquery-3.6.0.min.js\" integrity=\"sha384-KyZXEAg3QhqLMpG8r+Knujsl5+z8w\/Zrhj5H\/wfg3O8Vv5cR5KQrg8hjvlXoGUh3\" crossorigin=\"anonymous\"><\/script><br \/>\n<script src=\"https:\/\/cdn.jsdelivr.net\/npm\/@popperjs\/core@2.11.6\/dist\/umd\/popper.min.js\" integrity=\"sha384-dHtCz6AT0tFM6w7PmPvkug3tWt9fHfOEaIH7+9V0aR5c3JoP\/z5b8rG6LAeNhT7L\" crossorigin=\"anonymous\"><\/script><br \/>\n<script src=\"https:\/\/stackpath.bootstrapcdn.com\/bootstrap\/5.1.3\/js\/bootstrap.min.js\" integrity=\"sha384-KyZXEAg3QhqLMpG8r+Knujsl5+z8w\/Zrhj5H\/wfg3O8Vv5cR5KQrg8hjvlXoGUh3\" crossorigin=\"anonymous\"><\/script><\/p>\n<\/div>","protected":false},"excerpt":{"rendered":"<p>[vc_row el_id=&#8221;1709553033109-89c8fc14-c0c9&#8243;][vc_column][vc_gallery type=&#8221;image_grid&#8221; images=&#8221;1672,1670,1669,1668,1667,1666,1665&#8243; onclick=&#8221;custom_link&#8221; css_animation=&#8221;slideInLeft&#8221; custom_links=&#8221;#E-8_aHR0cHMlM0ElMkYlMkZza2F0cG93ZXIuY29tJTJGJTNGcGFnZV9pZCUzRDEyNjQlMkYlMkNodHRwcyUzQSUyRiUyRnNrYXRwb3dlci5jb20lMkYlM0ZwYWdlX2lkJTNEMTcyNiUyRiUyQ2h0dHBzJTNBJTJGJTJGc2thdHBvd2VyLmNvbSUyRiUzRnBhZ2VfaWQlM0QxNzQ0JTJGJTJDaHR0cHMlM0ElMkYlMkZza2F0cG93ZXIuY29tJTJGJTNGcGFnZV9pZCUzRDE3NTElMkYlMkNodHRwcyUzQSUyRiUyRnNrYXRwb3dlci5jb20lMkYlM0ZwYWdlX2lkJTNEMTc0NiUyRiUyQ2h0dHBzJTNBJTJGJTJGc2thdHBvd2VyLmNvbSUyRiUzRnBhZ2VfaWQlM0QxNzcyJTJGJTJDaHR0cHMlM0ElMkYlMkZza2F0cG93ZXIuY29tJTJGJTNGcGFnZV9pZCUzRDE3MzklMkY=&#8221;][vc_separator][\/vc_column][\/vc_row][vc_row el_id=&#8221;1709629799785-ab651e72-8e0f&#8221;][vc_column][vc_tta_accordion][vc_tta_section title=&#8221;SHANGHAI DONGFENG&#8221; tab_id=&#8221;1709629828308-265a3ce9-aaa5&#8243;][vc_column_text] &nbsp; Model Engine kVa kW Frequency (Hz) Phase PDF Catalogue SKT DF 220 DONGFENG 220 176 50 3 Download SKT DF 250 DONGFENG 250 200 50 3 Download SKT DF 275 DONGFENG 275 220 50 3 Download SKT DF 330 DONGFENG 330 264 50 [&hellip;]<\/p>\n","protected":false},"author":1,"featured_media":0,"parent":0,"menu_order":0,"comment_status":"closed","ping_status":"closed","template":"templates\/full-width.php","meta":{"footnotes":""},"acf":[],"_links":{"self":[{"href":"https:\/\/skatpower.com\/index.php?rest_route=\/wp\/v2\/pages\/1744"}],"collection":[{"href":"https:\/\/skatpower.com\/index.php?rest_route=\/wp\/v2\/pages"}],"about":[{"href":"https:\/\/skatpower.com\/index.php?rest_route=\/wp\/v2\/types\/page"}],"author":[{"embeddable":true,"href":"https:\/\/skatpower.com\/index.php?rest_route=\/wp\/v2\/users\/1"}],"replies":[{"embeddable":true,"href":"https:\/\/skatpower.com\/index.php?rest_route=%2Fwp%2Fv2%2Fcomments&post=1744"}],"version-history":[{"count":8,"href":"https:\/\/skatpower.com\/index.php?rest_route=\/wp\/v2\/pages\/1744\/revisions"}],"predecessor-version":[{"id":1841,"href":"https:\/\/skatpower.com\/index.php?rest_route=\/wp\/v2\/pages\/1744\/revisions\/1841"}],"wp:attachment":[{"href":"https:\/\/skatpower.com\/index.php?rest_route=%2Fwp%2Fv2%2Fmedia&parent=1744"}],"curies":[{"name":"wp","href":"https:\/\/api.w.org\/{rel}","templated":true}]}}