{"id":1751,"date":"2024-03-18T12:18:57","date_gmt":"2024-03-18T09:18:57","guid":{"rendered":"https:\/\/skatpower.com\/?page_id=1751"},"modified":"2024-03-20T15:31:11","modified_gmt":"2024-03-20T12:31:11","slug":"volvo-110-770-kva","status":"publish","type":"page","link":"https:\/\/skatpower.com\/?page_id=1751","title":{"rendered":"VOLVO | 110 &#8211; 770 kVA"},"content":{"rendered":"<div class=\"wpb-content-wrapper\"><p>[vc_row el_id=&#8221;1709553033109-89c8fc14-c0c9&#8243;][vc_column][vc_gallery type=&#8221;image_grid&#8221; images=&#8221;1672,1670,1669,1668,1667,1666,1665&#8243; onclick=&#8221;custom_link&#8221; css_animation=&#8221;slideInLeft&#8221; custom_links=&#8221;#E-8_aHR0cHMlM0ElMkYlMkZza2F0cG93ZXIuY29tJTJGJTNGcGFnZV9pZCUzRDEyNjQlMkYlMkNodHRwcyUzQSUyRiUyRnNrYXRwb3dlci5jb20lMkYlM0ZwYWdlX2lkJTNEMTcyNiUyRiUyQ2h0dHBzJTNBJTJGJTJGc2thdHBvd2VyLmNvbSUyRiUzRnBhZ2VfaWQlM0QxNzQ0JTJGJTJDaHR0cHMlM0ElMkYlMkZza2F0cG93ZXIuY29tJTJGJTNGcGFnZV9pZCUzRDE3NTElMkYlMkNodHRwcyUzQSUyRiUyRnNrYXRwb3dlci5jb20lMkYlM0ZwYWdlX2lkJTNEMTc0NiUyRiUyQ2h0dHBzJTNBJTJGJTJGc2thdHBvd2VyLmNvbSUyRiUzRnBhZ2VfaWQlM0QxNzcyJTJGJTJDaHR0cHMlM0ElMkYlMkZza2F0cG93ZXIuY29tJTJGJTNGcGFnZV9pZCUzRDE3MzklMkY=&#8221;][vc_separator][\/vc_column][\/vc_row][vc_row el_id=&#8221;1709629799785-ab651e72-8e0f&#8221;][vc_column][vc_tta_accordion][vc_tta_section title=&#8221;VOLVO&#8221; tab_id=&#8221;1709629828308-265a3ce9-aaa5&#8243;][vc_column_text]<\/p>\n<p><!-- Required meta tags --><\/p>\n<p><!-- Bootstrap CSS --><\/p>\n<p>&nbsp;<\/p>\n<div class=\"container\">\n<div class=\"row\">\n<div class=\"col\">\n<table id=\"example\" class=\"table table-striped nowrap\" style=\"width: 100%;\">\n<thead>\n<tr>\n<th>Model<\/th>\n<th style=\"text-align: center;\">Engine<\/th>\n<th style=\"text-align: center;\">kVa<\/th>\n<th style=\"text-align: center;\">kW<\/th>\n<th style=\"text-align: center;\">Frequency (Hz)<\/th>\n<th style=\"text-align: center;\">Phase<\/th>\n<th style=\"text-align: center;\"><b>PDF Catalogue<\/b><\/th>\n<\/tr>\n<\/thead>\n<tbody>\n<tr>\n<td style=\"text-align: left;\">SKT V 110<\/td>\n<td style=\"text-align: center;\">VOLVO<\/td>\n<td style=\"text-align: center;\">110<\/td>\n<td style=\"text-align: center;\">88<\/td>\n<td style=\"text-align: center;\">50<\/td>\n<td style=\"text-align: center;\">3<\/td>\n<td style=\"text-align: center;\"><a href=\"\/wp-content\/uploads\/PDF\/Volvo\/SKTV110%28TAD531GE%29.pdf\">Download<\/a><\/td>\n<\/tr>\n<tr>\n<td style=\"text-align: left;\">SKT V 145<\/td>\n<td style=\"text-align: center;\">VOLVO<\/td>\n<td style=\"text-align: center;\">145<\/td>\n<td style=\"text-align: center;\">116<\/td>\n<td style=\"text-align: center;\">50<\/td>\n<td style=\"text-align: center;\">3<\/td>\n<td style=\"text-align: center;\"><a href=\"\/wp-content\/uploads\/PDF\/Volvo\/SKTV145%28TAD532GE%29.pdf\">Download<\/a><\/td>\n<\/tr>\n<tr>\n<td style=\"text-align: left;\">SKT V 167<\/td>\n<td style=\"text-align: center;\">VOLVO<\/td>\n<td style=\"text-align: center;\">167<\/td>\n<td style=\"text-align: center;\">134<\/td>\n<td style=\"text-align: center;\">50<\/td>\n<td style=\"text-align: center;\">3<\/td>\n<td style=\"text-align: center;\"><a href=\"\/wp-content\/uploads\/PDF\/Volvo\/SKTV167%28TAD731GE%29.pdf\">Download<\/a><\/td>\n<\/tr>\n<tr>\n<td style=\"text-align: left;\">SKT V 200<\/td>\n<td style=\"text-align: center;\">VOLVO<\/td>\n<td style=\"text-align: center;\">200<\/td>\n<td style=\"text-align: center;\">160<\/td>\n<td style=\"text-align: center;\">50<\/td>\n<td style=\"text-align: center;\">3<\/td>\n<td style=\"text-align: center;\"><a href=\"\/wp-content\/uploads\/PDF\/Volvo\/SKTV200%28TAD732GE%29.pdf\">Download<\/a><\/td>\n<\/tr>\n<tr>\n<td style=\"text-align: left;\">SKT V 225<\/td>\n<td style=\"text-align: center;\">VOLVO<\/td>\n<td style=\"text-align: center;\">225<\/td>\n<td style=\"text-align: center;\">180<\/td>\n<td style=\"text-align: center;\">50<\/td>\n<td style=\"text-align: center;\">3<\/td>\n<td style=\"text-align: center;\"><a href=\"\/wp-content\/uploads\/PDF\/Volvo\/SKTV225%28TAD733GE%29.pdf\">Download<\/a><\/td>\n<\/tr>\n<tr>\n<td style=\"text-align: left;\">SKT V 275<\/td>\n<td style=\"text-align: center;\">VOLVO<\/td>\n<td style=\"text-align: center;\">275<\/td>\n<td style=\"text-align: center;\">220<\/td>\n<td style=\"text-align: center;\">50<\/td>\n<td style=\"text-align: center;\">3<\/td>\n<td style=\"text-align: center;\"><a href=\"\/wp-content\/uploads\/PDF\/Volvo\/SKTV275%28TAD734GE%29.pdf\">Download<\/a><\/td>\n<\/tr>\n<tr>\n<td style=\"text-align: left;\">SKT V 330<\/td>\n<td style=\"text-align: center;\">VOLVO<\/td>\n<td style=\"text-align: center;\">330<\/td>\n<td style=\"text-align: center;\">264<\/td>\n<td style=\"text-align: center;\">50<\/td>\n<td style=\"text-align: center;\">3<\/td>\n<td style=\"text-align: center;\"><a href=\"\/wp-content\/uploads\/PDF\/Volvo\/SKTV330%28TAD1341GE%29.pdf\">Download<\/a><\/td>\n<\/tr>\n<tr>\n<td style=\"text-align: left;\">SKT V 350<\/td>\n<td style=\"text-align: center;\">VOLVO<\/td>\n<td style=\"text-align: center;\">350<\/td>\n<td style=\"text-align: center;\">280<\/td>\n<td style=\"text-align: center;\">50<\/td>\n<td style=\"text-align: center;\">3<\/td>\n<td style=\"text-align: center;\"><a href=\"\/wp-content\/uploads\/PDF\/Volvo\/SKTV350%28TAD1341GE%29.pdf\">Download<\/a><\/td>\n<\/tr>\n<tr>\n<td style=\"text-align: left;\">SKT V 385<\/td>\n<td style=\"text-align: center;\">VOLVO<\/td>\n<td style=\"text-align: center;\">385<\/td>\n<td style=\"text-align: center;\">308<\/td>\n<td style=\"text-align: center;\">50<\/td>\n<td style=\"text-align: center;\">3<\/td>\n<td style=\"text-align: center;\"><a href=\"\/wp-content\/uploads\/PDF\/Volvo\/SKTV385%28TAD1342GE%29.pdf\">Download<\/a><\/td>\n<\/tr>\n<tr>\n<td style=\"text-align: left;\">SKT V 415<\/td>\n<td style=\"text-align: center;\">VOLVO<\/td>\n<td style=\"text-align: center;\">415<\/td>\n<td style=\"text-align: center;\">332<\/td>\n<td style=\"text-align: center;\">50<\/td>\n<td style=\"text-align: center;\">3<\/td>\n<td style=\"text-align: center;\"><a href=\"\/wp-content\/uploads\/PDF\/Volvo\/SKTV415%28TAD1343GE%29.pdf\">Download<\/a><\/td>\n<\/tr>\n<tr>\n<td style=\"text-align: left;\">SKT V 450<\/td>\n<td style=\"text-align: center;\">VOLVO<\/td>\n<td style=\"text-align: center;\">450<\/td>\n<td style=\"text-align: center;\">360<\/td>\n<td style=\"text-align: center;\">50<\/td>\n<td style=\"text-align: center;\">3<\/td>\n<td style=\"text-align: center;\"><a href=\"\/wp-content\/uploads\/PDF\/Volvo\/SKTV450%28TAD1344GE%29.pdf\">Download<\/a><\/td>\n<\/tr>\n<tr>\n<td style=\"text-align: left;\">SKT V 500<\/td>\n<td style=\"text-align: center;\">VOLVO<\/td>\n<td style=\"text-align: center;\">500<\/td>\n<td style=\"text-align: center;\">400<\/td>\n<td style=\"text-align: center;\">50<\/td>\n<td style=\"text-align: center;\">3<\/td>\n<td style=\"text-align: center;\"><a href=\"\/wp-content\/uploads\/PDF\/Volvo\/SKTV500%28TAD1345GE%29.pdf\">Download<\/a><\/td>\n<\/tr>\n<tr>\n<td style=\"text-align: left;\">SKT V 550<\/td>\n<td style=\"text-align: center;\">VOLVO<\/td>\n<td style=\"text-align: center;\">550<\/td>\n<td style=\"text-align: center;\">440<\/td>\n<td style=\"text-align: center;\">50<\/td>\n<td style=\"text-align: center;\">3<\/td>\n<td style=\"text-align: center;\"><a href=\"\/wp-content\/uploads\/PDF\/Volvo\/SKTV550%28TAD1641GE%29.pdf\">Download<\/a><\/td>\n<\/tr>\n<tr>\n<td style=\"text-align: left;\">SKT V 650<\/td>\n<td style=\"text-align: center;\">VOLVO<\/td>\n<td style=\"text-align: center;\">650<\/td>\n<td style=\"text-align: center;\">520<\/td>\n<td style=\"text-align: center;\">50<\/td>\n<td style=\"text-align: center;\">3<\/td>\n<td style=\"text-align: center;\"><a href=\"\/wp-content\/uploads\/PDF\/Volvo\/SKTV650%28TAD1642GE%29.pdf\">Download<\/a><\/td>\n<\/tr>\n<tr>\n<td style=\"text-align: left;\">SKT V 700<\/td>\n<td style=\"text-align: center;\">VOLVO<\/td>\n<td style=\"text-align: center;\">700<\/td>\n<td style=\"text-align: center;\">560<\/td>\n<td style=\"text-align: center;\">50<\/td>\n<td style=\"text-align: center;\">3<\/td>\n<td style=\"text-align: center;\"><a href=\"\/wp-content\/uploads\/PDF\/Volvo\/SKTV700%28TAD1644GE%29.pdf\">Download<\/a><\/td>\n<\/tr>\n<tr>\n<td style=\"text-align: left;\">SKT V 770<\/td>\n<td style=\"text-align: center;\">VOLVO<\/td>\n<td style=\"text-align: center;\">770<\/td>\n<td style=\"text-align: center;\">616<\/td>\n<td style=\"text-align: center;\">50<\/td>\n<td style=\"text-align: center;\">3<\/td>\n<td style=\"text-align: center;\"><a href=\"\/wp-content\/uploads\/PDF\/Volvo\/SKTV770%28TAD1645GE%29.pdf\">Download<\/a><\/td>\n<\/tr>\n<\/tbody>\n<\/table>\n<\/div>\n<\/div>\n<\/div>\n<p><!-- Bootstrap JS ve di\u011fer ba\u011f\u0131ml\u0131l\u0131klar --><br \/>\n<script src=\"https:\/\/code.jquery.com\/jquery-3.6.0.min.js\" integrity=\"sha384-KyZXEAg3QhqLMpG8r+Knujsl5+z8w\/Zrhj5H\/wfg3O8Vv5cR5KQrg8hjvlXoGUh3\" crossorigin=\"anonymous\"><\/script><br \/>\n<script src=\"https:\/\/cdn.jsdelivr.net\/npm\/@popperjs\/core@2.11.6\/dist\/umd\/popper.min.js\" integrity=\"sha384-dHtCz6AT0tFM6w7PmPvkug3tWt9fHfOEaIH7+9V0aR5c3JoP\/z5b8rG6LAeNhT7L\" crossorigin=\"anonymous\"><\/script><br \/>\n<script src=\"https:\/\/stackpath.bootstrapcdn.com\/bootstrap\/5.1.3\/js\/bootstrap.min.js\" integrity=\"sha384-KyZXEAg3QhqLMpG8r+Knujsl5+z8w\/Zrhj5H\/wfg3O8Vv5cR5KQrg8hjvlXoGUh3\" crossorigin=\"anonymous\"><\/script><\/p>\n<\/div>","protected":false},"excerpt":{"rendered":"<p>[vc_row el_id=&#8221;1709553033109-89c8fc14-c0c9&#8243;][vc_column][vc_gallery type=&#8221;image_grid&#8221; images=&#8221;1672,1670,1669,1668,1667,1666,1665&#8243; onclick=&#8221;custom_link&#8221; css_animation=&#8221;slideInLeft&#8221; custom_links=&#8221;#E-8_aHR0cHMlM0ElMkYlMkZza2F0cG93ZXIuY29tJTJGJTNGcGFnZV9pZCUzRDEyNjQlMkYlMkNodHRwcyUzQSUyRiUyRnNrYXRwb3dlci5jb20lMkYlM0ZwYWdlX2lkJTNEMTcyNiUyRiUyQ2h0dHBzJTNBJTJGJTJGc2thdHBvd2VyLmNvbSUyRiUzRnBhZ2VfaWQlM0QxNzQ0JTJGJTJDaHR0cHMlM0ElMkYlMkZza2F0cG93ZXIuY29tJTJGJTNGcGFnZV9pZCUzRDE3NTElMkYlMkNodHRwcyUzQSUyRiUyRnNrYXRwb3dlci5jb20lMkYlM0ZwYWdlX2lkJTNEMTc0NiUyRiUyQ2h0dHBzJTNBJTJGJTJGc2thdHBvd2VyLmNvbSUyRiUzRnBhZ2VfaWQlM0QxNzcyJTJGJTJDaHR0cHMlM0ElMkYlMkZza2F0cG93ZXIuY29tJTJGJTNGcGFnZV9pZCUzRDE3MzklMkY=&#8221;][vc_separator][\/vc_column][\/vc_row][vc_row el_id=&#8221;1709629799785-ab651e72-8e0f&#8221;][vc_column][vc_tta_accordion][vc_tta_section title=&#8221;VOLVO&#8221; tab_id=&#8221;1709629828308-265a3ce9-aaa5&#8243;][vc_column_text] &nbsp; Model Engine kVa kW Frequency (Hz) Phase PDF Catalogue SKT V 110 VOLVO 110 88 50 3 Download SKT V 145 VOLVO 145 116 50 3 Download SKT V 167 VOLVO 167 134 50 3 Download SKT V 200 VOLVO 200 160 50 3 [&hellip;]<\/p>\n","protected":false},"author":1,"featured_media":0,"parent":0,"menu_order":0,"comment_status":"closed","ping_status":"closed","template":"templates\/full-width.php","meta":{"footnotes":""},"acf":[],"_links":{"self":[{"href":"https:\/\/skatpower.com\/index.php?rest_route=\/wp\/v2\/pages\/1751"}],"collection":[{"href":"https:\/\/skatpower.com\/index.php?rest_route=\/wp\/v2\/pages"}],"about":[{"href":"https:\/\/skatpower.com\/index.php?rest_route=\/wp\/v2\/types\/page"}],"author":[{"embeddable":true,"href":"https:\/\/skatpower.com\/index.php?rest_route=\/wp\/v2\/users\/1"}],"replies":[{"embeddable":true,"href":"https:\/\/skatpower.com\/index.php?rest_route=%2Fwp%2Fv2%2Fcomments&post=1751"}],"version-history":[{"count":6,"href":"https:\/\/skatpower.com\/index.php?rest_route=\/wp\/v2\/pages\/1751\/revisions"}],"predecessor-version":[{"id":1810,"href":"https:\/\/skatpower.com\/index.php?rest_route=\/wp\/v2\/pages\/1751\/revisions\/1810"}],"wp:attachment":[{"href":"https:\/\/skatpower.com\/index.php?rest_route=%2Fwp%2Fv2%2Fmedia&parent=1751"}],"curies":[{"name":"wp","href":"https:\/\/api.w.org\/{rel}","templated":true}]}}