{"id":1772,"date":"2024-03-20T11:08:06","date_gmt":"2024-03-20T08:08:06","guid":{"rendered":"https:\/\/skatpower.com\/?page_id=1772"},"modified":"2024-03-21T08:59:52","modified_gmt":"2024-03-21T05:59:52","slug":"perkins-25-2500-kva","status":"publish","type":"page","link":"https:\/\/skatpower.com\/?page_id=1772","title":{"rendered":"PERK\u0130NS | 25 &#8211; 2500 kVA"},"content":{"rendered":"<div class=\"wpb-content-wrapper\"><p>[vc_row el_id=&#8221;1709553033109-89c8fc14-c0c9&#8243;][vc_column][vc_gallery type=&#8221;image_grid&#8221; images=&#8221;1672,1670,1669,1668,1667,1666,1665&#8243; onclick=&#8221;custom_link&#8221; css_animation=&#8221;slideInLeft&#8221; custom_links=&#8221;#E-8_aHR0cHMlM0ElMkYlMkZza2F0cG93ZXIuY29tJTJGJTNGcGFnZV9pZCUzRDEyNjQlMkYlMkNodHRwcyUzQSUyRiUyRnNrYXRwb3dlci5jb20lMkYlM0ZwYWdlX2lkJTNEMTcyNiUyRiUyQ2h0dHBzJTNBJTJGJTJGc2thdHBvd2VyLmNvbSUyRiUzRnBhZ2VfaWQlM0QxNzQ0JTJGJTJDaHR0cHMlM0ElMkYlMkZza2F0cG93ZXIuY29tJTJGJTNGcGFnZV9pZCUzRDE3NTElMkYlMkNodHRwcyUzQSUyRiUyRnNrYXRwb3dlci5jb20lMkYlM0ZwYWdlX2lkJTNEMTc0NiUyRiUyQ2h0dHBzJTNBJTJGJTJGc2thdHBvd2VyLmNvbSUyRiUzRnBhZ2VfaWQlM0QxNzcyJTJGJTJDaHR0cHMlM0ElMkYlMkZza2F0cG93ZXIuY29tJTJGJTNGcGFnZV9pZCUzRDE3MzklMkY=&#8221;][vc_separator][\/vc_column][\/vc_row][vc_row el_id=&#8221;1709629799785-ab651e72-8e0f&#8221;][vc_column][vc_tta_accordion][vc_tta_section title=&#8221;PERKINS&#8221; tab_id=&#8221;1709629828308-265a3ce9-aaa5&#8243;][vc_column_text]<\/p>\n<p><!-- Required meta tags --><\/p>\n<p><!-- Bootstrap CSS --><\/p>\n<p>&nbsp;<\/p>\n<div class=\"container\">\n<div class=\"row\">\n<div class=\"col\">\n<table id=\"example\" class=\"table table-striped nowrap\" style=\"width: 100%;\">\n<thead>\n<tr>\n<th>Model<\/th>\n<th style=\"text-align: center;\">Engine<\/th>\n<th style=\"text-align: center;\">kVa<\/th>\n<th style=\"text-align: center;\">kW<\/th>\n<th style=\"text-align: center;\">Frequency (Hz)<\/th>\n<th style=\"text-align: center;\">Phase<\/th>\n<th style=\"text-align: center;\"><b>PDF Catalogue<\/b><\/th>\n<\/tr>\n<\/thead>\n<tbody>\n<tr>\n<td style=\"text-align: left;\">SKT P 25<\/td>\n<td style=\"text-align: center;\">PERKINS<\/td>\n<td style=\"text-align: center;\">25<\/td>\n<td style=\"text-align: center;\">20<\/td>\n<td style=\"text-align: center;\">50<\/td>\n<td style=\"text-align: center;\">3<\/td>\n<td style=\"text-align: center;\"><a href=\"\/wp-content\/uploads\/PDF\/Perkins\/SKTP25%28404A-22G1%29.pdf\">Download<\/a><\/td>\n<\/tr>\n<tr>\n<td style=\"text-align: left;\">SKT P 33<\/td>\n<td style=\"text-align: center;\">PERKINS<\/td>\n<td style=\"text-align: center;\">33<\/td>\n<td style=\"text-align: center;\">26<\/td>\n<td style=\"text-align: center;\">50<\/td>\n<td style=\"text-align: center;\">3<\/td>\n<td style=\"text-align: center;\"><a href=\"\/wp-content\/uploads\/PDF\/Perkins\/SKTP33%281103A-33G%29.pdf\">Download<\/a><\/td>\n<\/tr>\n<tr>\n<td style=\"text-align: left;\">SKT P 50<\/td>\n<td style=\"text-align: center;\">PERKINS<\/td>\n<td style=\"text-align: center;\">50<\/td>\n<td style=\"text-align: center;\">40<\/td>\n<td style=\"text-align: center;\">50<\/td>\n<td style=\"text-align: center;\">3<\/td>\n<td style=\"text-align: center;\"><a href=\"\/wp-content\/uploads\/PDF\/Perkins\/SKTP50%281103A-33TG1%29.pdf\">Download<\/a><\/td>\n<\/tr>\n<tr>\n<td style=\"text-align: left;\">SKT P 66<\/td>\n<td style=\"text-align: center;\">PERKINS<\/td>\n<td style=\"text-align: center;\">66<\/td>\n<td style=\"text-align: center;\">53<\/td>\n<td style=\"text-align: center;\">50<\/td>\n<td style=\"text-align: center;\">3<\/td>\n<td style=\"text-align: center;\"><a href=\"\/wp-content\/uploads\/PDF\/Perkins\/SKTP66%281103A-33TG2%29.pdf\">Download<\/a><\/td>\n<\/tr>\n<tr>\n<td style=\"text-align: left;\">SKT P 71<\/td>\n<td style=\"text-align: center;\">PERKINS<\/td>\n<td style=\"text-align: center;\">71<\/td>\n<td style=\"text-align: center;\">57<\/td>\n<td style=\"text-align: center;\">50<\/td>\n<td style=\"text-align: center;\">3<\/td>\n<td style=\"text-align: center;\"><a href=\"\/wp-content\/uploads\/PDF\/Perkins\/SKTP71%281104A-44TG1%29.pdf\">Download<\/a><\/td>\n<\/tr>\n<tr>\n<td style=\"text-align: left;\">SKT P 88<\/td>\n<td style=\"text-align: center;\">PERKINS<\/td>\n<td style=\"text-align: center;\">88<\/td>\n<td style=\"text-align: center;\">70<\/td>\n<td style=\"text-align: center;\">50<\/td>\n<td style=\"text-align: center;\">3<\/td>\n<td style=\"text-align: center;\"><a href=\"\/wp-content\/uploads\/PDF\/Perkins\/SKTP88%281104A-44TG2%29.pdf\">Download<\/a><\/td>\n<\/tr>\n<tr>\n<td style=\"text-align: left;\">SKT P 110<\/td>\n<td style=\"text-align: center;\">PERKINS<\/td>\n<td style=\"text-align: center;\">110<\/td>\n<td style=\"text-align: center;\">88<\/td>\n<td style=\"text-align: center;\">50<\/td>\n<td style=\"text-align: center;\">3<\/td>\n<td style=\"text-align: center;\"><a href=\"\/wp-content\/uploads\/PDF\/Perkins\/SKTP110%281104C-44TAG2%29.pdf\">Download<\/a><\/td>\n<\/tr>\n<tr>\n<td style=\"text-align: left;\">SKT P 150<\/td>\n<td style=\"text-align: center;\">PERKINS<\/td>\n<td style=\"text-align: center;\">150<\/td>\n<td style=\"text-align: center;\">120<\/td>\n<td style=\"text-align: center;\">50<\/td>\n<td style=\"text-align: center;\">3<\/td>\n<td style=\"text-align: center;\"><a href=\"\/wp-content\/uploads\/PDF\/Perkins\/SKTP150%281106A-70TG1%29.pdf\">Download<\/a><\/td>\n<\/tr>\n<tr>\n<td style=\"text-align: left;\">SKT P 165<\/td>\n<td style=\"text-align: center;\">PERKINS<\/td>\n<td style=\"text-align: center;\">165<\/td>\n<td style=\"text-align: center;\">132<\/td>\n<td style=\"text-align: center;\">50<\/td>\n<td style=\"text-align: center;\">3<\/td>\n<td style=\"text-align: center;\"><a href=\"\/wp-content\/uploads\/PDF\/Perkins\/SKTP165%281106A-70TAG2%29.pdf\">Download<\/a><\/td>\n<\/tr>\n<tr>\n<td style=\"text-align: left;\">SKT P 200<\/td>\n<td style=\"text-align: center;\">PERKINS<\/td>\n<td style=\"text-align: center;\">200<\/td>\n<td style=\"text-align: center;\">160<\/td>\n<td style=\"text-align: center;\">50<\/td>\n<td style=\"text-align: center;\">3<\/td>\n<td style=\"text-align: center;\"><a href=\"\/wp-content\/uploads\/PDF\/Perkins\/SKTP200%281106A-70TAG3%29.pdf\">Download<\/a><\/td>\n<\/tr>\n<tr>\n<td style=\"text-align: left;\">SKT P 250<\/td>\n<td style=\"text-align: center;\">PERKINS<\/td>\n<td style=\"text-align: center;\">250<\/td>\n<td style=\"text-align: center;\">200<\/td>\n<td style=\"text-align: center;\">50<\/td>\n<td style=\"text-align: center;\">3<\/td>\n<td style=\"text-align: center;\"><a href=\"\/wp-content\/uploads\/PDF\/Perkins\/SKTP250%281206A-E70TTAG2%29.pdf\">Download<\/a><\/td>\n<\/tr>\n<tr>\n<td style=\"text-align: left;\">SKT P 300<\/td>\n<td style=\"text-align: center;\">PERKINS<\/td>\n<td style=\"text-align: center;\">300<\/td>\n<td style=\"text-align: center;\">240<\/td>\n<td style=\"text-align: center;\">50<\/td>\n<td style=\"text-align: center;\">3<\/td>\n<td style=\"text-align: center;\"><a href=\"\/wp-content\/uploads\/PDF\/Perkins\/SKTP300%281506A-E88TAG4%29.pdf\">Download<\/a><\/td>\n<\/tr>\n<tr>\n<td style=\"text-align: left;\">SKT P 330<\/td>\n<td style=\"text-align: center;\">PERKINS<\/td>\n<td style=\"text-align: center;\">330<\/td>\n<td style=\"text-align: center;\">264<\/td>\n<td style=\"text-align: center;\">50<\/td>\n<td style=\"text-align: center;\">3<\/td>\n<td style=\"text-align: center;\"><a href=\"\/wp-content\/uploads\/PDF\/Perkins\/SKTP330%281506A-E88TAG5%29.pdf\">Download<\/a><\/td>\n<\/tr>\n<tr>\n<td style=\"text-align: left;\">SKT P 385<\/td>\n<td style=\"text-align: center;\">PERKINS<\/td>\n<td style=\"text-align: center;\">385<\/td>\n<td style=\"text-align: center;\">308<\/td>\n<td style=\"text-align: center;\">50<\/td>\n<td style=\"text-align: center;\">3<\/td>\n<td style=\"text-align: center;\"><a href=\"\/wp-content\/uploads\/PDF\/Perkins\/SKTP385%282206A-E13TAG2%29.pdf\">Download<\/a><\/td>\n<\/tr>\n<tr>\n<td style=\"text-align: left;\">SKT P 450<\/td>\n<td style=\"text-align: center;\">PERKINS<\/td>\n<td style=\"text-align: center;\">450<\/td>\n<td style=\"text-align: center;\">360<\/td>\n<td style=\"text-align: center;\">50<\/td>\n<td style=\"text-align: center;\">3<\/td>\n<td style=\"text-align: center;\"><a href=\"\/wp-content\/uploads\/PDF\/Perkins\/SKTP450%282206A-E13TAG3%29.pdf\">Download<\/a><\/td>\n<\/tr>\n<tr>\n<td style=\"text-align: left;\">SKT P 500<\/td>\n<td style=\"text-align: center;\">PERKINS<\/td>\n<td style=\"text-align: center;\">500<\/td>\n<td style=\"text-align: center;\">400<\/td>\n<td style=\"text-align: center;\">50<\/td>\n<td style=\"text-align: center;\">3<\/td>\n<td style=\"text-align: center;\"><a href=\"\/wp-content\/uploads\/PDF\/Perkins\/SKTP500%282506A-E15TAG1%29.pdf\">Download<\/a><\/td>\n<\/tr>\n<tr>\n<td style=\"text-align: left;\">SKT P 550<\/td>\n<td style=\"text-align: center;\">PERKINS<\/td>\n<td style=\"text-align: center;\">550<\/td>\n<td style=\"text-align: center;\">440<\/td>\n<td style=\"text-align: center;\">50<\/td>\n<td style=\"text-align: center;\">3<\/td>\n<td style=\"text-align: center;\"><a href=\"\/wp-content\/uploads\/PDF\/Perkins\/SKTP550%282506A-E15TAG2%29.pdf\">Download<\/a><\/td>\n<\/tr>\n<tr>\n<td style=\"text-align: left;\">SKT P 660<\/td>\n<td style=\"text-align: center;\">PERKINS<\/td>\n<td style=\"text-align: center;\">660<\/td>\n<td style=\"text-align: center;\">528<\/td>\n<td style=\"text-align: center;\">50<\/td>\n<td style=\"text-align: center;\">3<\/td>\n<td style=\"text-align: center;\"><a href=\"\/wp-content\/uploads\/PDF\/Perkins\/SKTP660%282806A-E18TAG1%29.pdf\">Download<\/a><\/td>\n<\/tr>\n<tr>\n<td style=\"text-align: left;\">SKT P 725<\/td>\n<td style=\"text-align: center;\">PERKINS<\/td>\n<td style=\"text-align: center;\">725<\/td>\n<td style=\"text-align: center;\">580<\/td>\n<td style=\"text-align: center;\">50<\/td>\n<td style=\"text-align: center;\">3<\/td>\n<td style=\"text-align: center;\"><a href=\"\/wp-content\/uploads\/PDF\/Perkins\/SKTP725%282806A-E18TAG2%29.pdf\">Download<\/a><\/td>\n<\/tr>\n<tr>\n<td style=\"text-align: left;\">SKT P 825<\/td>\n<td style=\"text-align: center;\">PERKINS<\/td>\n<td style=\"text-align: center;\">825<\/td>\n<td style=\"text-align: center;\">660<\/td>\n<td style=\"text-align: center;\">50<\/td>\n<td style=\"text-align: center;\">3<\/td>\n<td style=\"text-align: center;\"><a href=\"\/wp-content\/uploads\/PDF\/Perkins\/SKTP825%284006-23TAG2A%29.pdf\">Download<\/a><\/td>\n<\/tr>\n<tr>\n<td style=\"text-align: left;\">SKT P 900<\/td>\n<td style=\"text-align: center;\">PERKINS<\/td>\n<td style=\"text-align: center;\">900<\/td>\n<td style=\"text-align: center;\">720<\/td>\n<td style=\"text-align: center;\">50<\/td>\n<td style=\"text-align: center;\">3<\/td>\n<td style=\"text-align: center;\"><a href=\"\/wp-content\/uploads\/PDF\/Perkins\/SKTP900%284006-23TAG3A%29.pdf\">Download<\/a><\/td>\n<\/tr>\n<tr>\n<td style=\"text-align: left;\">SKT P 1000<\/td>\n<td style=\"text-align: center;\">PERKINS<\/td>\n<td style=\"text-align: center;\">1000<\/td>\n<td style=\"text-align: center;\">800<\/td>\n<td style=\"text-align: center;\">50<\/td>\n<td style=\"text-align: center;\">3<\/td>\n<td style=\"text-align: center;\"><a href=\"\/wp-content\/uploads\/PDF\/Perkins\/SKTP1000%284008-TAG1A%29.pdf\">Download<\/a><\/td>\n<\/tr>\n<tr>\n<td style=\"text-align: left;\">SKT P 1125<\/td>\n<td style=\"text-align: center;\">PERKINS<\/td>\n<td style=\"text-align: center;\">1125<\/td>\n<td style=\"text-align: center;\">900<\/td>\n<td style=\"text-align: center;\">50<\/td>\n<td style=\"text-align: center;\">3<\/td>\n<td style=\"text-align: center;\"><a href=\"\/wp-content\/uploads\/PDF\/Perkins\/SKTP1125%284008-TAG2A%29.pdf\">Download<\/a><\/td>\n<\/tr>\n<tr>\n<td style=\"text-align: left;\">SKT P 1250<\/td>\n<td style=\"text-align: center;\">PERKINS<\/td>\n<td style=\"text-align: center;\">1250<\/td>\n<td style=\"text-align: center;\">1000<\/td>\n<td style=\"text-align: center;\">50<\/td>\n<td style=\"text-align: center;\">3<\/td>\n<td style=\"text-align: center;\"><a href=\"\/wp-content\/uploads\/PDF\/Perkins\/SKTP1250%284008-30TAG3%29.pdf\">Download<\/a><\/td>\n<\/tr>\n<tr>\n<td style=\"text-align: left;\">SKT P 1385<\/td>\n<td style=\"text-align: center;\">PERKINS<\/td>\n<td style=\"text-align: center;\">1385<\/td>\n<td style=\"text-align: center;\">1108<\/td>\n<td style=\"text-align: center;\">50<\/td>\n<td style=\"text-align: center;\">3<\/td>\n<td style=\"text-align: center;\"><a href=\"\/wp-content\/uploads\/PDF\/Perkins\/SKTP1385%284012-46TWG2A%29.pdf\">Download<\/a><\/td>\n<\/tr>\n<tr>\n<td style=\"text-align: left;\">SKT P 1500<\/td>\n<td style=\"text-align: center;\">PERKINS<\/td>\n<td style=\"text-align: center;\">1500<\/td>\n<td style=\"text-align: center;\">1200<\/td>\n<td style=\"text-align: center;\">50<\/td>\n<td style=\"text-align: center;\">3<\/td>\n<td style=\"text-align: center;\"><a href=\"\/wp-content\/uploads\/PDF\/Perkins\/SKTP1500%284012-46TWG3A%29.pdf\">Download<\/a><\/td>\n<\/tr>\n<tr>\n<td style=\"text-align: left;\">SKT P 1650<\/td>\n<td style=\"text-align: center;\">PERKINS<\/td>\n<td style=\"text-align: center;\">1650<\/td>\n<td style=\"text-align: center;\">1320<\/td>\n<td style=\"text-align: center;\">50<\/td>\n<td style=\"text-align: center;\">3<\/td>\n<td style=\"text-align: center;\"><a href=\"\/wp-content\/uploads\/PDF\/Perkins\/SKTP1650%284012-46TAG2A%29.pdf\">Download<\/a><\/td>\n<\/tr>\n<tr>\n<td style=\"text-align: left;\">SKT P 1900<\/td>\n<td style=\"text-align: center;\">PERKINS<\/td>\n<td style=\"text-align: center;\">1900<\/td>\n<td style=\"text-align: center;\">1520<\/td>\n<td style=\"text-align: center;\">50<\/td>\n<td style=\"text-align: center;\">3<\/td>\n<td style=\"text-align: center;\"><a href=\"\/wp-content\/uploads\/PDF\/Perkins\/SKTP1900%284012-46TAG3A%29.pdf\">Download<\/a><\/td>\n<\/tr>\n<tr>\n<td style=\"text-align: left;\">SKT P 2250<\/td>\n<td style=\"text-align: center;\">PERKINS<\/td>\n<td style=\"text-align: center;\">2250<\/td>\n<td style=\"text-align: center;\">1800<\/td>\n<td style=\"text-align: center;\">50<\/td>\n<td style=\"text-align: center;\">3<\/td>\n<td style=\"text-align: center;\"><a href=\"\/wp-content\/uploads\/PDF\/Perkins\/SKTP2250%284016-TAG2A%29.pdf\">Download<\/a><\/td>\n<\/tr>\n<tr>\n<td style=\"text-align: left;\">SKT P 2500<\/td>\n<td style=\"text-align: center;\">PERKINS<\/td>\n<td style=\"text-align: center;\">2500<\/td>\n<td style=\"text-align: center;\">2000<\/td>\n<td style=\"text-align: center;\">50<\/td>\n<td style=\"text-align: center;\">3<\/td>\n<td style=\"text-align: center;\"><a href=\"\/wp-content\/uploads\/PDF\/Perkins\/SKTP2500%284016-61TRG3%29.pdf\">Download<\/a><\/td>\n<\/tr>\n<\/tbody>\n<\/table>\n<\/div>\n<\/div>\n<\/div>\n<p><!-- Bootstrap JS ve di\u011fer ba\u011f\u0131ml\u0131l\u0131klar --><br \/>\n<script src=\"https:\/\/code.jquery.com\/jquery-3.6.0.min.js\" integrity=\"sha384-KyZXEAg3QhqLMpG8r+Knujsl5+z8w\/Zrhj5H\/wfg3O8Vv5cR5KQrg8hjvlXoGUh3\" crossorigin=\"anonymous\"><\/script><br \/>\n<script src=\"https:\/\/cdn.jsdelivr.net\/npm\/@popperjs\/core@2.11.6\/dist\/umd\/popper.min.js\" integrity=\"sha384-dHtCz6AT0tFM6w7PmPvkug3tWt9fHfOEaIH7+9V0aR5c3JoP\/z5b8rG6LAeNhT7L\" crossorigin=\"anonymous\"><\/script><br \/>\n<script src=\"https:\/\/stackpath.bootstrapcdn.com\/bootstrap\/5.1.3\/js\/bootstrap.min.js\" integrity=\"sha384-KyZXEAg3QhqLMpG8r+Knujsl5+z8w\/Zrhj5H\/wfg3O8Vv5cR5KQrg8hjvlXoGUh3\" crossorigin=\"anonymous\"><\/script><\/p>\n<\/div>","protected":false},"excerpt":{"rendered":"<p>[vc_row el_id=&#8221;1709553033109-89c8fc14-c0c9&#8243;][vc_column][vc_gallery type=&#8221;image_grid&#8221; images=&#8221;1672,1670,1669,1668,1667,1666,1665&#8243; onclick=&#8221;custom_link&#8221; css_animation=&#8221;slideInLeft&#8221; custom_links=&#8221;#E-8_aHR0cHMlM0ElMkYlMkZza2F0cG93ZXIuY29tJTJGJTNGcGFnZV9pZCUzRDEyNjQlMkYlMkNodHRwcyUzQSUyRiUyRnNrYXRwb3dlci5jb20lMkYlM0ZwYWdlX2lkJTNEMTcyNiUyRiUyQ2h0dHBzJTNBJTJGJTJGc2thdHBvd2VyLmNvbSUyRiUzRnBhZ2VfaWQlM0QxNzQ0JTJGJTJDaHR0cHMlM0ElMkYlMkZza2F0cG93ZXIuY29tJTJGJTNGcGFnZV9pZCUzRDE3NTElMkYlMkNodHRwcyUzQSUyRiUyRnNrYXRwb3dlci5jb20lMkYlM0ZwYWdlX2lkJTNEMTc0NiUyRiUyQ2h0dHBzJTNBJTJGJTJGc2thdHBvd2VyLmNvbSUyRiUzRnBhZ2VfaWQlM0QxNzcyJTJGJTJDaHR0cHMlM0ElMkYlMkZza2F0cG93ZXIuY29tJTJGJTNGcGFnZV9pZCUzRDE3MzklMkY=&#8221;][vc_separator][\/vc_column][\/vc_row][vc_row el_id=&#8221;1709629799785-ab651e72-8e0f&#8221;][vc_column][vc_tta_accordion][vc_tta_section title=&#8221;PERKINS&#8221; tab_id=&#8221;1709629828308-265a3ce9-aaa5&#8243;][vc_column_text] &nbsp; Model Engine kVa kW Frequency (Hz) Phase PDF Catalogue SKT P 25 PERKINS 25 20 50 3 Download SKT P 33 PERKINS 33 26 50 3 Download SKT P 50 PERKINS 50 40 50 3 Download SKT P 66 PERKINS 66 53 50 3 [&hellip;]<\/p>\n","protected":false},"author":1,"featured_media":0,"parent":0,"menu_order":0,"comment_status":"closed","ping_status":"closed","template":"templates\/full-width.php","meta":{"footnotes":""},"acf":[],"_links":{"self":[{"href":"https:\/\/skatpower.com\/index.php?rest_route=\/wp\/v2\/pages\/1772"}],"collection":[{"href":"https:\/\/skatpower.com\/index.php?rest_route=\/wp\/v2\/pages"}],"about":[{"href":"https:\/\/skatpower.com\/index.php?rest_route=\/wp\/v2\/types\/page"}],"author":[{"embeddable":true,"href":"https:\/\/skatpower.com\/index.php?rest_route=\/wp\/v2\/users\/1"}],"replies":[{"embeddable":true,"href":"https:\/\/skatpower.com\/index.php?rest_route=%2Fwp%2Fv2%2Fcomments&post=1772"}],"version-history":[{"count":7,"href":"https:\/\/skatpower.com\/index.php?rest_route=\/wp\/v2\/pages\/1772\/revisions"}],"predecessor-version":[{"id":1820,"href":"https:\/\/skatpower.com\/index.php?rest_route=\/wp\/v2\/pages\/1772\/revisions\/1820"}],"wp:attachment":[{"href":"https:\/\/skatpower.com\/index.php?rest_route=%2Fwp%2Fv2%2Fmedia&parent=1772"}],"curies":[{"name":"wp","href":"https:\/\/api.w.org\/{rel}","templated":true}]}}