{"id":26,"date":"2017-02-17T05:07:36","date_gmt":"2017-02-17T05:07:36","guid":{"rendered":"http:\/\/themes.potenzaglobal.com\/constro-demo\/?page_id=26"},"modified":"2024-03-15T15:49:29","modified_gmt":"2024-03-15T12:49:29","slug":"home-default","status":"publish","type":"page","link":"https:\/\/skatpower.com\/","title":{"rendered":"Home Default"},"content":{"rendered":"<div class=\"wpb-content-wrapper\"><p>[vc_row el_id=&#8221;1708943886354-48e6605d-5175&#8243;][vc_column][rev_slider_vc alias=&#8221;constro-slider1&#8243;][\/vc_column][\/vc_row][vc_row pgscore_enable_responsive_settings=&#8221;true&#8221; el_id=&#8221;1489473634871-dd0363b3-b515&#8243; css=&#8221;.vc_custom_1708946722450{padding-top: 80px !important;padding-bottom: 50px !important;}&#8221; element_css_md=&#8221;.vc_custom_1708946722451{padding-top: 60px !important;padding-bottom: 30px !important;}&#8221; element_css_sm=&#8221;.vc_custom_1708946722452{padding-top: 50px !important;padding-bottom: 20px !important;}&#8221; element_css_xs=&#8221;.vc_custom_1708946722452{padding-top: 40px !important;padding-bottom: 10px !important;}&#8221;][vc_column css=&#8221;.vc_custom_1708946843392{margin-bottom: 30px !important;}&#8221; offset=&#8221;vc_col-lg-12 vc_col-md-12&#8243;][vc_custom_heading text=&#8221;About Us&#8221; use_theme_fonts=&#8221;yes&#8221;][vc_column_text]Welcome to Skatpower, your trusted partner in diesel power generator solutions. Established in 2014, Skatpower has quickly emerged as a reputable provider in the industry, driven by a passion for quality and a dedication to customer satisfaction.<\/p>\n<p>At Skatpower, we specialize in designing, manufacturing, and delivering top-quality diesel generators tailored to meet the diverse needs of our customers. With a focus on reliability, efficiency, and advanced technology, we strive to provide reliable solutions for your power needs.<\/p>\n<p>Our comprehensive range of diesel generators is crafted with precision engineering and state-of-the-art technology to ensure seamless performance in a variety of applications and environments. Whether you require standby power solutions for emergencies or prime power applications for ongoing operations, Skatpower has the perfect solution for you.<\/p>\n<p>What sets Skatpower apart is our unwavering commitment to quality and service. Our team of skilled professionals is dedicated to providing superior products and support, ensuring that our customers receive the highest level of satisfaction. We take pride in building lasting relationships with our clients, based on trust, integrity, and a shared commitment to diesel power reliability.<\/p>\n<p>At Skatpower, we don&#8217;t just deliver generators\u2014we deliver peace of mind. Join the countless businesses and organizations worldwide who trust Skatpower for their diesel power needs. Experience the Skatpower difference today.[\/vc_column_text][\/vc_column][\/vc_row][vc_row full_width=&#8221;stretch_row&#8221; parallax=&#8221;content-moving&#8221; parallax_image=&#8221;135&#8243; pgscore_bg_type=&#8221;row-background-dark&#8221; pgscore_enable_overlay=&#8221;true&#8221; pgscore_enable_responsive_settings=&#8221;true&#8221; pgscore_overlay_opacity=&#8221;70&#8243; el_id=&#8221;1490081569561-303ea6af-403d&#8221; css=&#8221;.vc_custom_1491628787337{padding-top: 80px !important;padding-bottom: 40px !important;}&#8221; element_css_md=&#8221;.vc_custom_1491628787340{padding-top: 60px !important;padding-bottom: 20px !important;}&#8221; element_css_sm=&#8221;.vc_custom_1491628787342{padding-top: 50px !important;padding-bottom: 10px !important;}&#8221; element_css_xs=&#8221;.vc_custom_1491628787343{padding-top: 40px !important;padding-bottom: 0px !important;}&#8221; pgscore_overlay_color=&#8221;#000000&#8243;][vc_column offset=&#8221;vc_col-lg-12 vc_col-md-12&#8243;][vc_column_text css=&#8221;.vc_custom_1708947211056{margin-bottom: 50px !important;}&#8221;]<\/p>\n<h2 class=\"title2\">Most Preferred Products<\/h2>\n<p>[\/vc_column_text][vc_row_inner][vc_column_inner width=&#8221;1\/3&#8243;][vc_hoverbox image=&#8221;1513&#8243; primary_title=&#8221;16~400 kVA&#8221; hover_title=&#8221;660 kVA Diesel Generator&#8221; hover_background_color=&#8221;black&#8221;]A 660 kVA diesel generator is versatile, serving commercial buildings, data centers, hospitals, and more. It guarantees uninterrupted power, vital for critical systems in various industries. Contact us for details.[\/vc_hoverbox][\/vc_column_inner][vc_column_inner width=&#8221;1\/3&#8243;][vc_hoverbox image=&#8221;1518&#8243; primary_title=&#8221;400~1000 kVA&#8221; hover_title=&#8221;850 kVA Diesel Generator&#8221; hover_background_color=&#8221;black&#8221;]Our 850 kVA diesel generator serves industrial, commercial, and healthcare sectors, providing backup power and reliable supply for construction sites and events. Contact us for versatile power solutions.[\/vc_hoverbox][\/vc_column_inner][vc_column_inner width=&#8221;1\/3&#8243;][vc_hoverbox image=&#8221;1519&#8243; primary_title=&#8221;1000~2500 kVA&#8221; hover_title=&#8221;1250 kVA Diesel Generator&#8221; hover_background_color=&#8221;black&#8221;]Our 1250 kVA diesel generator is versatile, ideal for backup power in industrial, commercial, and event settings. Skatpower offers tailored solutions for reliable operation during outages. Contact us to learn more about how our generators can meet your needs.[\/vc_hoverbox][\/vc_column_inner][\/vc_row_inner][\/vc_column][\/vc_row][vc_row full_width=&#8221;stretch_row&#8221; equal_height=&#8221;yes&#8221; content_placement=&#8221;middle&#8221; pgscore_bg_type=&#8221;row-background-light&#8221; css=&#8221;.vc_custom_1490351177520{padding-top: 25px !important;background-color: #fab702 !important;}&#8221; el_id=&#8221;1708943886495-aef6bd11-1871&#8243;][vc_column css=&#8221;.vc_custom_1491200610033{margin-bottom: 25px !important;}&#8221; offset=&#8221;vc_col-lg-8 vc_col-md-8 vc_col-xs-12&#8243;][vc_column_text]<\/p>\n<h4>Producing &amp; Delivering Since 2014.<\/h4>\n<p>[\/vc_column_text][\/vc_column][vc_column css=&#8221;.vc_custom_1491204513702{padding-bottom: 25px !important;}&#8221; el_class=&#8221;text-right-xs&#8221; offset=&#8221;vc_col-lg-4 vc_col-md-4 vc_col-xs-12&#8243;]\t<div  class=\"pgscore_button_wrapper pgscore_button_align-right\"><!-- shortcode-base-wrapper -->\n\t\t<a href=\"https:\/\/skatpower.com\/?page_id=132#1708681084642-0b01e8e5-70c2\" title=\"Get In Touch With Us\" class=\"button animated middle-fill\">\t\t<span>\n\t\tCONTACT US\t\t<\/span>\n\t<\/a>\n\t\t<\/div>\n\t[\/vc_column][\/vc_row][vc_row full_width=&#8221;stretch_row&#8221; pgscore_enable_responsive_settings=&#8221;true&#8221; css=&#8221;.vc_custom_1490083564608{padding-top: 80px !important;background-image: url(http:\/\/themes.potenzaglobal.com\/constro-wp\/wp-content\/uploads\/2017\/02\/bg1.png?id=8820) !important;background-position: center !important;background-repeat: no-repeat !important;background-size: cover !important;}&#8221; element_css_md=&#8221;.vc_custom_1490083564611{padding-top: 60px !important;padding-bottom: 20px !important;}&#8221; element_css_sm=&#8221;.vc_custom_1490083564613{padding-top: 50px !important;padding-bottom: 10px !important;}&#8221; element_css_xs=&#8221;.vc_custom_1490083564614{padding-top: 40px !important;padding-bottom: 0px !important;}&#8221; el_id=&#8221;1708943886906-e943ddd7-ec3d&#8221;][vc_column][vc_row_inner][vc_column_inner offset=&#8221;vc_col-lg-offset-1 vc_col-lg-10 vc_col-md-12&#8243; css=&#8221;.vc_custom_1489814257052{margin-bottom: 50px !important;}&#8221;][vc_custom_heading text=&#8221;Why Choose us&#8221; font_container=&#8221;tag:h2|text_align:center&#8221; use_theme_fonts=&#8221;yes&#8221;][vc_column_text]<\/p>\n<p style=\"text-align: center;\">At Skatpower, we stand out as your premier partner in diesel power generation. With a focus on reliability, efficiency, and customer satisfaction, we offer tailored solutions to meet your unique needs. Here&#8217;s why you should choose us:<\/p>\n<p>[\/vc_column_text][\/vc_column_inner][\/vc_row_inner][vc_row_inner equal_height=&#8221;yes&#8221; content_placement=&#8221;middle&#8221;][vc_column_inner width=&#8221;1\/3&#8243; css=&#8221;.vc_custom_1490003993278{border-right-width: 1px !important;border-bottom-width: 1px !important;padding-top: 25px !important;padding-right: 25px !important;padding-bottom: 25px !important;padding-left: 25px !important;border-right-color: #dddddd !important;border-right-style: solid !important;border-bottom-color: #dddddd !important;border-bottom-style: solid !important;}&#8221;]\t<div  class=\"pgscore_features_text_wrapper\"><!-- shortcode-base-wrapper -->\n\t\t<div class=\"feature-box pgscore_feature_text pgscore_feature_text-style_2 feature-text-center icon-top pgscore_feature_text_icon_source-icon pgscore_feature_text_icon_style-default pgscore_feature_text_icon_shape-square small\">\n\t\t\t<div class=\"feature-text-icon-wrapper\">\n\t\t\t<i class=\"glyph-icon pgsicon-construction-projection-screen-with-bar-chart\"><\/i>\t\t<\/div>\n\t\t\t\t<div class=\"feature-text-icon-wrapper\">\n\t\t\t<h5 class='title'>Reliability<\/h5><p>Skatpower generators provide reliable performance, ensuring uninterrupted power supply.<\/p>\t\t<\/div>\n\t\t<\/div>\n\t<\/div>\n\t[\/vc_column_inner][vc_column_inner width=&#8221;1\/3&#8243; css=&#8221;.vc_custom_1490004338415{border-right-width: 1px !important;border-bottom-width: 1px !important;padding-top: 25px !important;padding-right: 25px !important;padding-bottom: 25px !important;padding-left: 25px !important;border-right-color: #dddddd !important;border-right-style: solid !important;border-bottom-color: #dddddd !important;border-bottom-style: solid !important;}&#8221;]\t<div  class=\"pgscore_features_text_wrapper\"><!-- shortcode-base-wrapper -->\n\t\t<div class=\"feature-box pgscore_feature_text pgscore_feature_text-style_2 feature-text-center icon-top pgscore_feature_text_icon_source-icon pgscore_feature_text_icon_style-default pgscore_feature_text_icon_shape-square small\">\n\t\t\t<div class=\"feature-text-icon-wrapper\">\n\t\t\t<i class=\"glyph-icon pgsicon-construction-people-11\"><\/i>\t\t<\/div>\n\t\t\t\t<div class=\"feature-text-icon-wrapper\">\n\t\t\t<h5 class='title'>Customization<\/h5><p>Tailored solutions meet your specific requirements, offering flexibility and efficiency.<\/p>\t\t<\/div>\n\t\t<\/div>\n\t<\/div>\n\t[\/vc_column_inner][vc_column_inner width=&#8221;1\/3&#8243; css=&#8221;.vc_custom_1490004060098{border-bottom-width: 1px !important;padding-top: 25px !important;padding-right: 25px !important;padding-bottom: 25px !important;padding-left: 25px !important;border-bottom-color: #dddddd !important;border-bottom-style: solid !important;}&#8221;]\t<div  class=\"pgscore_features_text_wrapper\"><!-- shortcode-base-wrapper -->\n\t\t<div class=\"feature-box pgscore_feature_text pgscore_feature_text-style_2 feature-text-center icon-top pgscore_feature_text_icon_source-icon pgscore_feature_text_icon_style-default pgscore_feature_text_icon_shape-square small\">\n\t\t\t<div class=\"feature-text-icon-wrapper\">\n\t\t\t<i class=\"glyph-icon pgsicon-construction-management\"><\/i>\t\t<\/div>\n\t\t\t\t<div class=\"feature-text-icon-wrapper\">\n\t\t\t<h5 class='title'>Quality<\/h5><p>Crafted with precision engineering and high-quality components, our generators guarantee durability.<\/p>\t\t<\/div>\n\t\t<\/div>\n\t<\/div>\n\t[\/vc_column_inner][\/vc_row_inner][vc_row_inner equal_height=&#8221;yes&#8221; content_placement=&#8221;middle&#8221;][vc_column_inner width=&#8221;1\/3&#8243; css=&#8221;.vc_custom_1490004106466{border-right-width: 1px !important;padding-top: 25px !important;padding-right: 25px !important;padding-bottom: 25px !important;padding-left: 25px !important;border-right-color: #dddddd !important;border-right-style: solid !important;}&#8221;]\t<div  class=\"pgscore_features_text_wrapper\"><!-- shortcode-base-wrapper -->\n\t\t<div class=\"feature-box pgscore_feature_text pgscore_feature_text-style_2 feature-text-center icon-top pgscore_feature_text_icon_source-icon pgscore_feature_text_icon_style-default pgscore_feature_text_icon_shape-square small\">\n\t\t\t<div class=\"feature-text-icon-wrapper\">\n\t\t\t<i class=\"glyph-icon pgsicon-construction-wrench\"><\/i>\t\t<\/div>\n\t\t\t\t<div class=\"feature-text-icon-wrapper\">\n\t\t\t<h5 class='title'>Expertise<\/h5><p>Our skilled team provides exceptional support, guiding you through every step of the process.<\/p>\t\t<\/div>\n\t\t<\/div>\n\t<\/div>\n\t[\/vc_column_inner][vc_column_inner width=&#8221;1\/3&#8243; css=&#8221;.vc_custom_1490004145911{border-right-width: 1px !important;padding-top: 25px !important;padding-right: 25px !important;padding-bottom: 25px !important;padding-left: 25px !important;border-right-color: #dddddd !important;border-right-style: solid !important;}&#8221;]\t<div  class=\"pgscore_features_text_wrapper\"><!-- shortcode-base-wrapper -->\n\t\t<div class=\"feature-box pgscore_feature_text pgscore_feature_text-style_2 feature-text-center icon-top pgscore_feature_text_icon_source-icon pgscore_feature_text_icon_style-default pgscore_feature_text_icon_shape-square small\">\n\t\t\t<div class=\"feature-text-icon-wrapper\">\n\t\t\t<i class=\"glyph-icon pgsicon-construction-businessman-in-apresentation-with-a-graphic-on-a-board\"><\/i>\t\t<\/div>\n\t\t\t\t<div class=\"feature-text-icon-wrapper\">\n\t\t\t<h5 class='title'>Experience<\/h5><p>With years of industry experience, we have the knowledge to address your power needs effectively.<\/p>\t\t<\/div>\n\t\t<\/div>\n\t<\/div>\n\t[\/vc_column_inner][vc_column_inner width=&#8221;1\/3&#8243; css=&#8221;.vc_custom_1490003639558{padding-top: 25px !important;padding-right: 25px !important;padding-bottom: 25px !important;padding-left: 25px !important;}&#8221;]\t<div  class=\"pgscore_features_text_wrapper\"><!-- shortcode-base-wrapper -->\n\t\t<div class=\"feature-box pgscore_feature_text pgscore_feature_text-style_2 feature-text-center icon-top pgscore_feature_text_icon_source-icon pgscore_feature_text_icon_style-default pgscore_feature_text_icon_shape-square small\">\n\t\t\t<div class=\"feature-text-icon-wrapper\">\n\t\t\t<i class=\"glyph-icon pgsicon-construction-worker\"><\/i>\t\t<\/div>\n\t\t\t\t<div class=\"feature-text-icon-wrapper\">\n\t\t\t<h5 class='title'>Excellence<\/h5><p>Committed to excellence, we strive to exceed expectations and deliver superior value.<\/p>\t\t<\/div>\n\t\t<\/div>\n\t<\/div>\n\t[\/vc_column_inner][\/vc_row_inner][vc_row_inner][vc_column_inner css=&#8221;.vc_custom_1490004665106{margin-top: 40px !important;}&#8221;][vc_single_image image=&#8221;1547&#8243; img_size=&#8221;full&#8221; alignment=&#8221;center&#8221;][\/vc_column_inner][\/vc_row_inner][\/vc_column][\/vc_row][vc_row full_width=&#8221;stretch_row&#8221; pgscore_bg_type=&#8221;row-background-light&#8221; pgscore_enable_responsive_settings=&#8221;true&#8221; el_id=&#8221;1489497448961-93a39cdf-1820&#8243; css=&#8221;.vc_custom_1490351314734{padding-top: 50px !important;padding-bottom: 10px !important;background-color: #fab702 !important;}&#8221; element_css_md=&#8221;.vc_custom_1490351314741{padding-top: 40px !important;padding-bottom: 0px !important;}&#8221; element_css_sm=&#8221;.vc_custom_1490351314745{padding-top: 40px !important;padding-bottom: 0px !important;}&#8221; element_css_xs=&#8221;.vc_custom_1490351314746{padding-top: 40px !important;padding-bottom: 0px !important;}&#8221;][vc_column width=&#8221;1\/2&#8243; css=&#8221;.vc_custom_1491201703041{padding-bottom: 40px !important;}&#8221; offset=&#8221;vc_col-lg-3 vc_col-md-3 vc_col-xs-12&#8243;]\t<div  class=\"pgscore_counter_wrapper\"><!-- shortcode-base-wrapper -->\n\t\t<div class=\"counter pgscore_counter pgscore_counter-style_8 counter-left counter-icon-style_default\">\n\t<i class=\"glyph-icon pgsicon-construction-projection-screen-with-bar-chart\"><\/i>\t\t<span class=\"timer\" data-to=\"100\" data-speed=\"10000\">100<\/span><label>Produced<\/label>\n\t\t<\/div>\n\t<\/div>\n\t[\/vc_column][vc_column width=&#8221;1\/2&#8243; css=&#8221;.vc_custom_1491201742243{padding-bottom: 40px !important;}&#8221; offset=&#8221;vc_col-lg-3 vc_col-md-3 vc_col-xs-12&#8243;]\t<div  class=\"pgscore_counter_wrapper\"><!-- shortcode-base-wrapper -->\n\t\t<div class=\"counter pgscore_counter pgscore_counter-style_8 counter-left counter-icon-style_default\">\n\t<i class=\"glyph-icon pgsicon-construction-note-1\"><\/i>\t\t<span class=\"timer\" data-to=\"400\" data-speed=\"10000\">400<\/span><label>Product Range<\/label>\n\t\t<\/div>\n\t<\/div>\n\t[\/vc_column][vc_column width=&#8221;1\/2&#8243; css=&#8221;.vc_custom_1491201764524{padding-bottom: 40px !important;}&#8221; offset=&#8221;vc_col-lg-3 vc_col-md-3 vc_col-xs-12&#8243;]\t<div  class=\"pgscore_counter_wrapper\"><!-- shortcode-base-wrapper -->\n\t\t<div class=\"counter pgscore_counter pgscore_counter-style_8 counter-left counter-icon-style_default\">\n\t<i class=\"glyph-icon pgsicon-construction-construction-32\"><\/i>\t\t<span class=\"timer\" data-to=\"30\" data-speed=\"10000\">30<\/span><label>Spec\u0131al\u0131zat\u0131on<\/label>\n\t\t<\/div>\n\t<\/div>\n\t[\/vc_column][vc_column width=&#8221;1\/2&#8243; css=&#8221;.vc_custom_1491201779924{padding-bottom: 40px !important;}&#8221; offset=&#8221;vc_col-lg-3 vc_col-md-3 vc_col-xs-12&#8243;]\t<div  class=\"pgscore_counter_wrapper\"><!-- shortcode-base-wrapper -->\n\t\t<div class=\"counter pgscore_counter pgscore_counter-style_8 counter-left counter-icon-style_default\">\n\t<i class=\"glyph-icon pgsicon-construction-note\"><\/i>\t\t<span class=\"timer\" data-to=\"100\" data-speed=\"10000\">100<\/span><label>Pos\u0131t\u0131ve Feedback<\/label>\n\t\t<\/div>\n\t<\/div>\n\t[\/vc_column][\/vc_row]<\/p>\n<\/div>","protected":false},"excerpt":{"rendered":"<p>[vc_row el_id=&#8221;1708943886354-48e6605d-5175&#8243;][vc_column][rev_slider_vc alias=&#8221;constro-slider1&#8243;][\/vc_column][\/vc_row][vc_row pgscore_enable_responsive_settings=&#8221;true&#8221; el_id=&#8221;1489473634871-dd0363b3-b515&#8243; css=&#8221;.vc_custom_1708946722450{padding-top: 80px !important;padding-bottom: 50px !important;}&#8221; element_css_md=&#8221;.vc_custom_1708946722451{padding-top: 60px !important;padding-bottom: 30px !important;}&#8221; element_css_sm=&#8221;.vc_custom_1708946722452{padding-top: 50px !important;padding-bottom: 20px !important;}&#8221; element_css_xs=&#8221;.vc_custom_1708946722452{padding-top: 40px !important;padding-bottom: 10px !important;}&#8221;][vc_column css=&#8221;.vc_custom_1708946843392{margin-bottom: 30px !important;}&#8221; offset=&#8221;vc_col-lg-12 vc_col-md-12&#8243;][vc_custom_heading text=&#8221;About Us&#8221; use_theme_fonts=&#8221;yes&#8221;][vc_column_text]Welcome to Skatpower, your trusted partner in diesel power generator solutions. Established in 2014, Skatpower has quickly emerged as a reputable provider in [&hellip;]<\/p>\n","protected":false},"author":1,"featured_media":0,"parent":0,"menu_order":0,"comment_status":"closed","ping_status":"closed","template":"templates\/full-width.php","meta":{"footnotes":""},"acf":[],"_links":{"self":[{"href":"https:\/\/skatpower.com\/index.php?rest_route=\/wp\/v2\/pages\/26"}],"collection":[{"href":"https:\/\/skatpower.com\/index.php?rest_route=\/wp\/v2\/pages"}],"about":[{"href":"https:\/\/skatpower.com\/index.php?rest_route=\/wp\/v2\/types\/page"}],"author":[{"embeddable":true,"href":"https:\/\/skatpower.com\/index.php?rest_route=\/wp\/v2\/users\/1"}],"replies":[{"embeddable":true,"href":"https:\/\/skatpower.com\/index.php?rest_route=%2Fwp%2Fv2%2Fcomments&post=26"}],"version-history":[{"count":47,"href":"https:\/\/skatpower.com\/index.php?rest_route=\/wp\/v2\/pages\/26\/revisions"}],"predecessor-version":[{"id":1720,"href":"https:\/\/skatpower.com\/index.php?rest_route=\/wp\/v2\/pages\/26\/revisions\/1720"}],"wp:attachment":[{"href":"https:\/\/skatpower.com\/index.php?rest_route=%2Fwp%2Fv2%2Fmedia&parent=26"}],"curies":[{"name":"wp","href":"https:\/\/api.w.org\/{rel}","templated":true}]}}